{"id":231,"date":"2022-06-21T10:17:46","date_gmt":"2022-06-21T09:17:46","guid":{"rendered":"https:\/\/srrafeiro.wordpress.com\/?page_id=19"},"modified":"2024-03-12T17:05:47","modified_gmt":"2024-03-12T17:05:47","slug":"grain-free","status":"publish","type":"page","link":"https:\/\/srrafeiro.pt\/?page_id=231","title":{"rendered":"Grain Free"},"content":{"rendered":"\n<h1 class=\"wp-block-heading has-text-align-center\">Sr.Rafeiro &#8211; Grain Free<\/h1>\n\n\n\n<figure class=\"wp-block-image size-large\"><a href=\"https:\/\/srrafeiro.pt\/?page_id=231\"><img loading=\"lazy\" decoding=\"async\" width=\"1024\" height=\"682\" src=\"https:\/\/srrafeiro.pt\/wp-content\/uploads\/2022\/10\/srrafeiro-grainfree-4-1024x682.jpg\" alt=\"Sr.Rafeiro Grain Free\" class=\"wp-image-707\" title=\"Sr. Rafeiro - Grain Free\" srcset=\"https:\/\/srrafeiro.pt\/wp-content\/uploads\/2022\/10\/srrafeiro-grainfree-4-1024x682.jpg 1024w, https:\/\/srrafeiro.pt\/wp-content\/uploads\/2022\/10\/srrafeiro-grainfree-4-300x200.jpg 300w, https:\/\/srrafeiro.pt\/wp-content\/uploads\/2022\/10\/srrafeiro-grainfree-4-768x512.jpg 768w, https:\/\/srrafeiro.pt\/wp-content\/uploads\/2022\/10\/srrafeiro-grainfree-4-1536x1024.jpg 1536w, https:\/\/srrafeiro.pt\/wp-content\/uploads\/2022\/10\/srrafeiro-grainfree-4.jpg 2000w\" sizes=\"auto, (max-width: 1024px) 100vw, 1024px\" \/><\/a><\/figure>\n\n\n\n<figure class=\"wp-block-image size-full\"><img loading=\"lazy\" decoding=\"async\" width=\"1000\" height=\"1000\" src=\"https:\/\/srrafeiro.pt\/wp-content\/uploads\/2024\/03\/SR_nova-imagem-com-fundo-GF.jpg\" alt=\"\" class=\"wp-image-900\" srcset=\"https:\/\/srrafeiro.pt\/wp-content\/uploads\/2024\/03\/SR_nova-imagem-com-fundo-GF.jpg 1000w, https:\/\/srrafeiro.pt\/wp-content\/uploads\/2024\/03\/SR_nova-imagem-com-fundo-GF-300x300.jpg 300w, https:\/\/srrafeiro.pt\/wp-content\/uploads\/2024\/03\/SR_nova-imagem-com-fundo-GF-150x150.jpg 150w, https:\/\/srrafeiro.pt\/wp-content\/uploads\/2024\/03\/SR_nova-imagem-com-fundo-GF-768x768.jpg 768w\" sizes=\"auto, (max-width: 1000px) 100vw, 1000px\" \/><\/figure>\n\n\n\n<h2 class=\"wp-block-heading has-text-align-center\">Sr.Rafeiro &#8211; Grain Free<\/h2>\n\n\n\n<h3 class=\"wp-block-heading has-text-align-center\">Ra\u00e7\u00e3o sem cereais<\/h3>\n\n\n\n<p class=\"has-medium-font-size\">Sr.<mark>Rafeiro<\/mark> &#8211; <mark>Grain Free<\/mark> inclui a sele\u00e7\u00e3o de alimentos preparados frescos pois estes constituem as melhores fontes de prote\u00edna animal altamente digest\u00edveis.<\/p>\n\n\n\n<p class=\"has-medium-font-size\">A gama Grain Free Sr. Rafeiro para c\u00e3es adultos cont\u00e9m a nossa maior sele\u00e7\u00e3o de receitas e \u00e9 f\u00e1cil entender porqu\u00ea. \u00c9 uma combina\u00e7\u00e3o de receitas deliciosas e prote\u00ednas preparadas frescas com a vantagem de ser sem cereais, que as torna uma escolha irresist\u00edvel para clientes e animais de estima\u00e7\u00e3o.<\/p>\n\n\n\n<p class=\"has-medium-font-size\">Sr.Rafeiro &#8211; Grain Free foi formulada com batata doce e batata para ser adequada aqueles com intoler\u00e2ncia ou sensibilidade aos cereais. <\/p>\n\n\n\n<p class=\"has-medium-font-size\">Em suma, Sr.Rafeiro &#8211; Grain Free \u00e9 a melhor escolha para o seu patudo!<\/p>\n\n\n\n<div class=\"wp-block-buttons is-content-justification-center is-layout-flex wp-container-core-buttons-is-layout-a89b3969 wp-block-buttons-is-layout-flex\">\n<div class=\"wp-block-button has-custom-width wp-block-button__width-50 has-custom-font-size\" style=\"font-size:1.25rem\"><a class=\"wp-block-button__link has-black-color has-luminous-vivid-amber-background-color has-text-color has-background wp-element-button\" href=\"https:\/\/gorkypets.com\/index.php?id_category=455&amp;controller=category\" target=\"_blank\" rel=\"noreferrer noopener\">Fazer Encomenda<\/a><\/div>\n<\/div>\n\n\n\n<div class=\"wp-block-columns is-layout-flex wp-container-core-columns-is-layout-28f84493 wp-block-columns-is-layout-flex\">\n<div class=\"wp-block-column is-layout-flow wp-block-column-is-layout-flow\">\n<figure class=\"wp-block-image size-large\"><img loading=\"lazy\" decoding=\"async\" width=\"250\" height=\"250\" src=\"https:\/\/srrafeiro.files.wordpress.com\/2022\/06\/sem-cereais.png?w=250\" alt=\"Sr.Rafeiro Grain Free\" class=\"wp-image-217\" srcset=\"https:\/\/srrafeiro.pt\/wp-content\/uploads\/2022\/06\/sem-cereais.png 250w, https:\/\/srrafeiro.pt\/wp-content\/uploads\/2022\/06\/sem-cereais-150x150.png 150w\" sizes=\"auto, (max-width: 250px) 100vw, 250px\" \/><figcaption class=\"wp-element-caption\">Sem Cereais<\/figcaption><\/figure>\n<\/div>\n\n\n\n<div class=\"wp-block-column is-layout-flow wp-block-column-is-layout-flow\">\n<figure class=\"wp-block-image size-large\"><img loading=\"lazy\" decoding=\"async\" width=\"250\" height=\"250\" src=\"https:\/\/srrafeiro.files.wordpress.com\/2022\/06\/omega-3-1.png?w=250\" alt=\"Sr.Rafeiro Grain Free Omega 3\" class=\"wp-image-219\" srcset=\"https:\/\/srrafeiro.pt\/wp-content\/uploads\/2022\/06\/omega-3-1.png 250w, https:\/\/srrafeiro.pt\/wp-content\/uploads\/2022\/06\/omega-3-1-150x150.png 150w\" sizes=\"auto, (max-width: 250px) 100vw, 250px\" \/><figcaption class=\"wp-element-caption\">Omega 3<\/figcaption><\/figure>\n<\/div>\n\n\n\n<div class=\"wp-block-column is-layout-flow wp-block-column-is-layout-flow\">\n<figure class=\"wp-block-image size-large\"><img loading=\"lazy\" decoding=\"async\" width=\"250\" height=\"250\" src=\"https:\/\/srrafeiro.files.wordpress.com\/2022\/06\/sem-conservantes-4.png?w=250\" alt=\"Sr.Rafeiro Grain Free Sem conservantes nem corantes\" class=\"wp-image-220\" srcset=\"https:\/\/srrafeiro.pt\/wp-content\/uploads\/2022\/06\/sem-conservantes-4.png 250w, https:\/\/srrafeiro.pt\/wp-content\/uploads\/2022\/06\/sem-conservantes-4-150x150.png 150w\" sizes=\"auto, (max-width: 250px) 100vw, 250px\" \/><figcaption class=\"wp-element-caption\">Sem conservantes nem corantes<\/figcaption><\/figure>\n<\/div>\n<\/div>\n\n\n\n<div class=\"wp-block-columns is-layout-flex wp-container-core-columns-is-layout-28f84493 wp-block-columns-is-layout-flex\">\n<div class=\"wp-block-column is-layout-flow wp-block-column-is-layout-flow\">\n<figure class=\"wp-block-image size-large\"><img decoding=\"async\" src=\"https:\/\/srrafeiro.files.wordpress.com\/2022\/06\/pack-articulacao-1.png?w=250\" alt=\"Sr.Rafeiro Grain Free Pack para o cuidado\ndas articula\u00e7\u00f5es\" class=\"wp-image-247\"\/><figcaption class=\"wp-element-caption\">Pack para o cuidado<br>das articula\u00e7\u00f5es<\/figcaption><\/figure>\n<\/div>\n\n\n\n<div class=\"wp-block-column is-layout-flow wp-block-column-is-layout-flow\">\n<figure class=\"wp-block-image size-large\"><img decoding=\"async\" src=\"https:\/\/srrafeiro.files.wordpress.com\/2022\/06\/saude-digestiva-4.png?w=250\" alt=\"Sr.Rafeiro Grain Free Digest\u00e3o sens\u00edvel\" class=\"wp-image-248\"\/><figcaption class=\"wp-element-caption\">Digest\u00e3o sens\u00edvel<\/figcaption><\/figure>\n<\/div>\n\n\n\n<div class=\"wp-block-column is-layout-flow wp-block-column-is-layout-flow\">\n<figure class=\"wp-block-image size-large\"><img decoding=\"async\" src=\"https:\/\/srrafeiro.files.wordpress.com\/2022\/06\/textura-macia-1.png?w=250\" alt=\"Sr.Rafeiro Grain Free Textura macia\" class=\"wp-image-251\"\/><figcaption class=\"wp-element-caption\">Textura macia<\/figcaption><\/figure>\n<\/div>\n<\/div>\n\n\n\n<div class=\"wp-block-group is-layout-flow wp-block-group-is-layout-flow\">\n<hr class=\"wp-block-separator has-alpha-channel-opacity is-style-dots\"\/>\n\n\n\n<figure class=\"wp-block-image size-large\"><img decoding=\"async\" src=\"https:\/\/srrafeiro.files.wordpress.com\/2022\/06\/separadores_para-cachorros-1.png?w=1000\" alt=\"Grain Free cachorros\" class=\"wp-image-404\"\/><\/figure>\n\n\n\n<div class=\"wp-block-media-text alignwide is-stacked-on-mobile\"><figure class=\"wp-block-media-text__media\"><a href=\"https:\/\/srrafeiro.pt\/?page_id=505\"><img loading=\"lazy\" decoding=\"async\" width=\"1024\" height=\"1024\" src=\"https:\/\/srrafeiro.pt\/wp-content\/uploads\/2024\/03\/GF-GPU-1024x1024.jpg\" alt=\"\" class=\"wp-image-903 size-full\" srcset=\"https:\/\/srrafeiro.pt\/wp-content\/uploads\/2024\/03\/GF-GPU-1024x1024.jpg 1024w, https:\/\/srrafeiro.pt\/wp-content\/uploads\/2024\/03\/GF-GPU-300x300.jpg 300w, https:\/\/srrafeiro.pt\/wp-content\/uploads\/2024\/03\/GF-GPU-150x150.jpg 150w, https:\/\/srrafeiro.pt\/wp-content\/uploads\/2024\/03\/GF-GPU-768x768.jpg 768w, https:\/\/srrafeiro.pt\/wp-content\/uploads\/2024\/03\/GF-GPU.jpg 1080w\" sizes=\"auto, (max-width: 1024px) 100vw, 1024px\" \/><\/a><\/figure><div class=\"wp-block-media-text__content\">\n<h2 class=\"wp-block-heading\"><a href=\"https:\/\/srrafeiro.pt\/?page_id=505\">Salm\u00e3o com Arinca, Badejo Azul, Batata Doce e Espargos<\/a><\/h2>\n\n\n\n<figure class=\"wp-block-image size-large is-resized\"><img decoding=\"async\" src=\"https:\/\/srrafeiro.files.wordpress.com\/2022\/06\/26-salmao.png?w=250\" alt=\"\" class=\"wp-image-279\" style=\"width:125px;height:125px\"\/><figcaption class=\"wp-element-caption\">M\u00ednimo de 26% de Salm\u00e3o preparado fresco, Arinca e Badejo Azul<\/figcaption><\/figure>\n<\/div><\/div>\n<\/div>\n\n\n\n<div class=\"wp-block-group is-layout-flow wp-block-group-is-layout-flow\"><\/div>\n\n\n\n<div class=\"wp-block-group is-layout-flow wp-block-group-is-layout-flow\">\n<hr class=\"wp-block-separator has-alpha-channel-opacity is-style-dots\"\/>\n\n\n\n<figure class=\"wp-block-image size-large\"><img decoding=\"async\" src=\"https:\/\/srrafeiro.files.wordpress.com\/2022\/06\/separadores_para-caes-excesso-peso.png?w=1000\" alt=\"Grain Free excesso peso\" class=\"wp-image-406\"\/><\/figure>\n\n\n\n<div class=\"wp-block-media-text alignwide is-stacked-on-mobile\"><figure class=\"wp-block-media-text__media\"><a href=\"https:\/\/srrafeiro.pt\/?page_id=512\"><img loading=\"lazy\" decoding=\"async\" width=\"1024\" height=\"1024\" src=\"https:\/\/srrafeiro.pt\/wp-content\/uploads\/2024\/03\/GF-GFE-1024x1024.jpg\" alt=\"\" class=\"wp-image-904 size-full\" srcset=\"https:\/\/srrafeiro.pt\/wp-content\/uploads\/2024\/03\/GF-GFE-1024x1024.jpg 1024w, https:\/\/srrafeiro.pt\/wp-content\/uploads\/2024\/03\/GF-GFE-300x300.jpg 300w, https:\/\/srrafeiro.pt\/wp-content\/uploads\/2024\/03\/GF-GFE-150x150.jpg 150w, https:\/\/srrafeiro.pt\/wp-content\/uploads\/2024\/03\/GF-GFE-768x768.jpg 768w, https:\/\/srrafeiro.pt\/wp-content\/uploads\/2024\/03\/GF-GFE.jpg 1080w\" sizes=\"auto, (max-width: 1024px) 100vw, 1024px\" \/><\/a><\/figure><div class=\"wp-block-media-text__content\">\n<h2 class=\"wp-block-heading\"><a href=\"https:\/\/srrafeiro.pt\/?page_id=512\">Truta com Salm\u00e3o, Batata Doce e Espargos<\/a><\/h2>\n\n\n\n<figure class=\"wp-block-image size-large is-resized\"><img decoding=\"async\" src=\"https:\/\/srrafeiro.files.wordpress.com\/2022\/06\/26-arenque.png?w=250\" alt=\"\" class=\"wp-image-284\" style=\"width:125px;height:125px\"\/><figcaption class=\"wp-element-caption\">M\u00ednimo de 26% de Truta e Salm\u00e3o preparados frescos<\/figcaption><\/figure>\n<\/div><\/div>\n<\/div>\n\n\n\n<div class=\"wp-block-group is-layout-flow wp-block-group-is-layout-flow\">\n<hr class=\"wp-block-separator has-alpha-channel-opacity is-style-dots\"\/>\n\n\n\n<figure class=\"wp-block-image size-large\"><img decoding=\"async\" src=\"https:\/\/srrafeiro.files.wordpress.com\/2022\/06\/separadores_para-caes-adultos-2.png?w=1000\" alt=\"Grain Free adultos\" class=\"wp-image-407\"\/><\/figure>\n\n\n\n<div class=\"wp-block-media-text alignwide is-stacked-on-mobile\"><figure class=\"wp-block-media-text__media\"><a href=\"https:\/\/srrafeiro.pt\/?page_id=517\"><img decoding=\"async\" src=\"https:\/\/srrafeiro.files.wordpress.com\/2022\/06\/gff-1.jpg?w=1024\" alt=\"Grain Free\" class=\"wp-image-229 size-full\"\/><\/a><\/figure><div class=\"wp-block-media-text__content\">\n<h2 class=\"wp-block-heading\"><a href=\"https:\/\/srrafeiro.pt\/?page_id=517\">Cordeiro com Batata Doce e Menta<\/a><\/h2>\n\n\n\n<figure class=\"wp-block-image size-large is-resized\"><img decoding=\"async\" src=\"https:\/\/srrafeiro.files.wordpress.com\/2022\/06\/26-cordeiro.png?w=250\" alt=\"\" class=\"wp-image-285\" style=\"width:125px;height:125px\"\/><figcaption class=\"wp-element-caption\">M\u00ednimo de 26% de Cordeiro preparado Fresco<\/figcaption><\/figure>\n<\/div><\/div>\n\n\n\n<div class=\"wp-block-media-text alignwide is-stacked-on-mobile\"><figure class=\"wp-block-media-text__media\"><a href=\"https:\/\/srrafeiro.pt\/?page_id=523\"><img loading=\"lazy\" decoding=\"async\" width=\"1024\" height=\"1024\" src=\"https:\/\/srrafeiro.pt\/wp-content\/uploads\/2024\/03\/GF-GFG-1024x1024.jpg\" alt=\"\" class=\"wp-image-905 size-full\" srcset=\"https:\/\/srrafeiro.pt\/wp-content\/uploads\/2024\/03\/GF-GFG-1024x1024.jpg 1024w, https:\/\/srrafeiro.pt\/wp-content\/uploads\/2024\/03\/GF-GFG-300x300.jpg 300w, https:\/\/srrafeiro.pt\/wp-content\/uploads\/2024\/03\/GF-GFG-150x150.jpg 150w, https:\/\/srrafeiro.pt\/wp-content\/uploads\/2024\/03\/GF-GFG-768x768.jpg 768w, https:\/\/srrafeiro.pt\/wp-content\/uploads\/2024\/03\/GF-GFG.jpg 1080w\" sizes=\"auto, (max-width: 1024px) 100vw, 1024px\" \/><\/a><\/figure><div class=\"wp-block-media-text__content\">\n<h2 class=\"wp-block-heading\"><a href=\"https:\/\/srrafeiro.pt\/?page_id=523\">Frango com Batata Doce e Ervas<\/a><\/h2>\n\n\n\n<figure class=\"wp-block-image size-large is-resized\"><img decoding=\"async\" src=\"https:\/\/srrafeiro.files.wordpress.com\/2022\/06\/26-frango-1.png?w=250\" alt=\"\" class=\"wp-image-287\" style=\"width:125px;height:125px\"\/><figcaption class=\"wp-element-caption\">M\u00ednimo de 26% de Frango preparado fresco<\/figcaption><\/figure>\n<\/div><\/div>\n\n\n\n<div class=\"wp-block-media-text alignwide is-stacked-on-mobile\"><figure class=\"wp-block-media-text__media\"><a href=\"https:\/\/srrafeiro.pt\/?page_id=527\"><img loading=\"lazy\" decoding=\"async\" width=\"1024\" height=\"1024\" src=\"https:\/\/srrafeiro.pt\/wp-content\/uploads\/2024\/03\/GF-GFI-1024x1024.jpg\" alt=\"\" class=\"wp-image-906 size-full\" srcset=\"https:\/\/srrafeiro.pt\/wp-content\/uploads\/2024\/03\/GF-GFI-1024x1024.jpg 1024w, https:\/\/srrafeiro.pt\/wp-content\/uploads\/2024\/03\/GF-GFI-300x300.jpg 300w, https:\/\/srrafeiro.pt\/wp-content\/uploads\/2024\/03\/GF-GFI-150x150.jpg 150w, https:\/\/srrafeiro.pt\/wp-content\/uploads\/2024\/03\/GF-GFI-768x768.jpg 768w, https:\/\/srrafeiro.pt\/wp-content\/uploads\/2024\/03\/GF-GFI.jpg 1080w\" sizes=\"auto, (max-width: 1024px) 100vw, 1024px\" \/><\/a><\/figure><div class=\"wp-block-media-text__content\">\n<h2 class=\"wp-block-heading\"><a href=\"https:\/\/srrafeiro.pt\/?page_id=527\">Salm\u00e3o com Truta, Batata Doce e Espargos<\/a><\/h2>\n\n\n\n<figure class=\"wp-block-image size-large is-resized\"><img decoding=\"async\" src=\"https:\/\/srrafeiro.files.wordpress.com\/2022\/06\/26-salmao-1.png?w=250\" alt=\"\" class=\"wp-image-289\" style=\"width:125px;height:125px\"\/><figcaption class=\"wp-element-caption\">M\u00ednimo de 26% de Salm\u00e3o e Truta preparados frescos<\/figcaption><\/figure>\n<\/div><\/div>\n\n\n\n<div class=\"wp-block-media-text alignwide is-stacked-on-mobile\"><figure class=\"wp-block-media-text__media\"><a href=\"https:\/\/srrafeiro.pt\/?page_id=531\"><img decoding=\"async\" src=\"https:\/\/srrafeiro.files.wordpress.com\/2022\/06\/gfj-1.jpg?w=1024\" alt=\"Grain Free\" class=\"wp-image-232 size-full\"\/><\/a><\/figure><div class=\"wp-block-media-text__content\">\n<h2 class=\"wp-block-heading\"><a href=\"https:\/\/srrafeiro.pt\/?page_id=531\">Pato com Batata Doce e Laranja<\/a><\/h2>\n\n\n\n<figure class=\"wp-block-image size-large is-resized\"><img decoding=\"async\" src=\"https:\/\/srrafeiro.files.wordpress.com\/2022\/06\/26-pato.png?w=250\" alt=\"\" class=\"wp-image-291\" style=\"width:125px;height:125px\"\/><figcaption class=\"wp-element-caption\">M\u00ednimo de 26% de Pato preparado fresco<\/figcaption><\/figure>\n<\/div><\/div>\n<\/div>\n\n\n\n<div class=\"wp-block-group is-layout-flow wp-block-group-is-layout-flow\">\n<hr class=\"wp-block-separator has-alpha-channel-opacity is-style-dots\"\/>\n\n\n\n<figure class=\"wp-block-image size-large\"><img decoding=\"async\" src=\"https:\/\/srrafeiro.files.wordpress.com\/2022\/06\/separadores_para-caes-adultos-raca-pequena-2.png?w=1000\" alt=\"Grain Free adultos pequena\" class=\"wp-image-409\"\/><\/figure>\n\n\n\n<div class=\"wp-block-media-text alignwide is-stacked-on-mobile\"><figure class=\"wp-block-media-text__media\"><a href=\"https:\/\/srrafeiro.pt\/?page_id=543\"><img loading=\"lazy\" decoding=\"async\" width=\"1024\" height=\"1024\" src=\"https:\/\/srrafeiro.pt\/wp-content\/uploads\/2024\/03\/GF-LGF-1024x1024.jpg\" alt=\"\" class=\"wp-image-907 size-full\" srcset=\"https:\/\/srrafeiro.pt\/wp-content\/uploads\/2024\/03\/GF-LGF-1024x1024.jpg 1024w, https:\/\/srrafeiro.pt\/wp-content\/uploads\/2024\/03\/GF-LGF-300x300.jpg 300w, https:\/\/srrafeiro.pt\/wp-content\/uploads\/2024\/03\/GF-LGF-150x150.jpg 150w, https:\/\/srrafeiro.pt\/wp-content\/uploads\/2024\/03\/GF-LGF-768x768.jpg 768w, https:\/\/srrafeiro.pt\/wp-content\/uploads\/2024\/03\/GF-LGF.jpg 1080w\" sizes=\"auto, (max-width: 1024px) 100vw, 1024px\" \/><\/a><\/figure><div class=\"wp-block-media-text__content\">\n<h2 class=\"wp-block-heading\"><a href=\"https:\/\/srrafeiro.pt\/?page_id=543\">Salm\u00e3o com Truta, Batata Doce e Espargos<\/a><\/h2>\n\n\n\n<figure class=\"wp-block-image size-large is-resized\"><img decoding=\"async\" src=\"https:\/\/srrafeiro.files.wordpress.com\/2022\/06\/26-salmao-2.png?w=250\" alt=\"\" class=\"wp-image-298\" style=\"width:125px;height:125px\"\/><figcaption class=\"wp-element-caption\">M\u00ednimo de 26% de Salm\u00e3o e Truta preparados frescos<\/figcaption><\/figure>\n<\/div><\/div>\n\n\n\n<div class=\"wp-block-media-text alignwide is-stacked-on-mobile\"><figure class=\"wp-block-media-text__media\"><a href=\"https:\/\/srrafeiro.pt\/?page_id=547\"><img decoding=\"async\" src=\"https:\/\/srrafeiro.files.wordpress.com\/2022\/06\/nge-1.jpg?w=1024\" alt=\"Grain Free\" class=\"wp-image-237 size-full\"\/><\/a><\/figure><div class=\"wp-block-media-text__content\">\n<h2 class=\"wp-block-heading\"><a href=\"https:\/\/srrafeiro.pt\/?page_id=547\">Cordeiro com Batata Doce e Menta<\/a><\/h2>\n\n\n\n<figure class=\"wp-block-image size-large is-resized\"><img decoding=\"async\" src=\"https:\/\/srrafeiro.files.wordpress.com\/2022\/06\/26-cordeiro-1.png?w=250\" alt=\"\" class=\"wp-image-299\" style=\"width:125px;height:125px\"\/><figcaption class=\"wp-element-caption\">M\u00ednimo de 26% de Cordeiro preparado fresco<\/figcaption><\/figure>\n<\/div><\/div>\n\n\n\n<div class=\"wp-block-media-text alignwide is-stacked-on-mobile\"><figure class=\"wp-block-media-text__media\"><a href=\"https:\/\/srrafeiro.pt\/?page_id=551\"><img loading=\"lazy\" decoding=\"async\" width=\"1024\" height=\"1024\" src=\"https:\/\/srrafeiro.pt\/wp-content\/uploads\/2024\/03\/GF-SGF-1024x1024.jpg\" alt=\"\" class=\"wp-image-908 size-full\" srcset=\"https:\/\/srrafeiro.pt\/wp-content\/uploads\/2024\/03\/GF-SGF-1024x1024.jpg 1024w, https:\/\/srrafeiro.pt\/wp-content\/uploads\/2024\/03\/GF-SGF-300x300.jpg 300w, https:\/\/srrafeiro.pt\/wp-content\/uploads\/2024\/03\/GF-SGF-150x150.jpg 150w, https:\/\/srrafeiro.pt\/wp-content\/uploads\/2024\/03\/GF-SGF-768x768.jpg 768w, https:\/\/srrafeiro.pt\/wp-content\/uploads\/2024\/03\/GF-SGF.jpg 1080w\" sizes=\"auto, (max-width: 1024px) 100vw, 1024px\" \/><\/a><\/figure><div class=\"wp-block-media-text__content\">\n<h2 class=\"wp-block-heading\"><a href=\"https:\/\/srrafeiro.pt\/?page_id=551\">Frango com Batata Doce e Ervas<\/a><\/h2>\n\n\n\n<figure class=\"wp-block-image size-large is-resized\"><img decoding=\"async\" src=\"https:\/\/srrafeiro.files.wordpress.com\/2022\/06\/26-frango-2.png?w=250\" alt=\"\" class=\"wp-image-301\" style=\"width:125px;height:125px\"\/><figcaption class=\"wp-element-caption\">M\u00ednimo de 26% de Frango preparado fresco<\/figcaption><\/figure>\n<\/div><\/div>\n<\/div>\n\n\n\n<div class=\"wp-block-group is-layout-flow wp-block-group-is-layout-flow\"><\/div>\n\n\n\n<div class=\"wp-block-group is-layout-flow wp-block-group-is-layout-flow\">\n<hr class=\"wp-block-separator has-alpha-channel-opacity is-style-dots\"\/>\n\n\n\n<figure class=\"wp-block-image size-large\"><img decoding=\"async\" src=\"https:\/\/srrafeiro.files.wordpress.com\/2022\/06\/separadores_para-caes-seniores-light-2.png?w=1000\" alt=\"Grain Free seniores light\" class=\"wp-image-411\"\/><\/figure>\n\n\n\n<div class=\"wp-block-media-text alignwide is-stacked-on-mobile\"><figure class=\"wp-block-media-text__media\"><a href=\"https:\/\/srrafeiro.pt\/?page_id=559\"><img loading=\"lazy\" decoding=\"async\" width=\"1024\" height=\"1024\" src=\"https:\/\/srrafeiro.pt\/wp-content\/uploads\/2024\/03\/GF-GFE-1-1024x1024.jpg\" alt=\"\" class=\"wp-image-909 size-full\" srcset=\"https:\/\/srrafeiro.pt\/wp-content\/uploads\/2024\/03\/GF-GFE-1-1024x1024.jpg 1024w, https:\/\/srrafeiro.pt\/wp-content\/uploads\/2024\/03\/GF-GFE-1-300x300.jpg 300w, https:\/\/srrafeiro.pt\/wp-content\/uploads\/2024\/03\/GF-GFE-1-150x150.jpg 150w, https:\/\/srrafeiro.pt\/wp-content\/uploads\/2024\/03\/GF-GFE-1-768x768.jpg 768w, https:\/\/srrafeiro.pt\/wp-content\/uploads\/2024\/03\/GF-GFE-1.jpg 1080w\" sizes=\"auto, (max-width: 1024px) 100vw, 1024px\" \/><\/a><\/figure><div class=\"wp-block-media-text__content\">\n<h2 class=\"wp-block-heading\"><a href=\"https:\/\/srrafeiro.pt\/?page_id=559\">Truta com Salm\u00e3o, Batata Doce e Espargos<\/a><\/h2>\n\n\n\n<figure class=\"wp-block-image size-large is-resized\"><img decoding=\"async\" src=\"https:\/\/srrafeiro.files.wordpress.com\/2022\/06\/26-arenque-1.png?w=250\" alt=\"\" class=\"wp-image-308\" style=\"width:125px;height:125px\"\/><figcaption class=\"wp-element-caption\">M\u00ednimo de 26% de Truta e Salm\u00e3o preparados frescos<\/figcaption><\/figure>\n<\/div><\/div>\n\n\n\n<div class=\"wp-block-media-text alignwide is-stacked-on-mobile\"><figure class=\"wp-block-media-text__media\"><a href=\"https:\/\/srrafeiro.pt\/?page_id=563\"><img decoding=\"async\" src=\"https:\/\/srrafeiro.files.wordpress.com\/2022\/06\/tgc-1.jpg?w=1024\" alt=\"Grain Free\" class=\"wp-image-242 size-full\"\/><\/a><\/figure><div class=\"wp-block-media-text__content\">\n<h2 class=\"wp-block-heading\"><a href=\"https:\/\/srrafeiro.pt\/?page_id=563\">Per\u00fa com Batata Doce e Mirtilos<\/a><\/h2>\n\n\n\n<figure class=\"wp-block-image size-large is-resized\"><img decoding=\"async\" src=\"https:\/\/srrafeiro.files.wordpress.com\/2022\/06\/26-peru.png?w=250\" alt=\"\" class=\"wp-image-310\" style=\"width:125px;height:125px\"\/><figcaption class=\"wp-element-caption\">M\u00ednimo de 26% de Per\u00fa preparado fresco<\/figcaption><\/figure>\n<\/div><\/div>\n<\/div>\n\n\n\n<hr class=\"wp-block-separator has-alpha-channel-opacity is-style-dots\"\/>\n\n\n\n<h2 class=\"wp-block-heading has-text-align-center\">Sr Rafeiro &#8211; Grain Free<\/h2>\n\n\n\n<h3 class=\"wp-block-heading has-text-align-center\">Ra\u00e7\u00e3o sem cereais<\/h3>\n\n\n\n<hr class=\"wp-block-separator has-alpha-channel-opacity is-style-dots\"\/>\n\n\n\n<div style=\"height:100px\" aria-hidden=\"true\" class=\"wp-block-spacer\"><\/div>\n","protected":false},"excerpt":{"rendered":"<p>Sr.Rafeiro &#8211; Grain Free Sr.Rafeiro &#8211; Grain Free Ra\u00e7\u00e3o sem cereais Sr.Rafeiro &#8211; Grain Free inclui a sele\u00e7\u00e3o de alimentos preparados frescos pois estes constituem as melhores fontes de prote\u00edna animal altamente digest\u00edveis. A gama Grain Free Sr. Rafeiro para c\u00e3es adultos cont\u00e9m a nossa maior sele\u00e7\u00e3o de receitas e \u00e9 f\u00e1cil entender porqu\u00ea. \u00c9 [&hellip;]<\/p>\n","protected":false},"author":1,"featured_media":392,"parent":0,"menu_order":0,"comment_status":"closed","ping_status":"closed","template":"header-footer-only","meta":{"om_disable_all_campaigns":false,"_monsterinsights_skip_tracking":false,"_monsterinsights_sitenote_active":false,"_monsterinsights_sitenote_note":"","_monsterinsights_sitenote_category":0,"footnotes":""},"class_list":["post-231","page","type-page","status-publish","has-post-thumbnail","hentry"],"aioseo_notices":[],"_links":{"self":[{"href":"https:\/\/srrafeiro.pt\/index.php?rest_route=\/wp\/v2\/pages\/231","targetHints":{"allow":["GET"]}}],"collection":[{"href":"https:\/\/srrafeiro.pt\/index.php?rest_route=\/wp\/v2\/pages"}],"about":[{"href":"https:\/\/srrafeiro.pt\/index.php?rest_route=\/wp\/v2\/types\/page"}],"author":[{"embeddable":true,"href":"https:\/\/srrafeiro.pt\/index.php?rest_route=\/wp\/v2\/users\/1"}],"replies":[{"embeddable":true,"href":"https:\/\/srrafeiro.pt\/index.php?rest_route=%2Fwp%2Fv2%2Fcomments&post=231"}],"version-history":[{"count":16,"href":"https:\/\/srrafeiro.pt\/index.php?rest_route=\/wp\/v2\/pages\/231\/revisions"}],"predecessor-version":[{"id":910,"href":"https:\/\/srrafeiro.pt\/index.php?rest_route=\/wp\/v2\/pages\/231\/revisions\/910"}],"wp:featuredmedia":[{"embeddable":true,"href":"https:\/\/srrafeiro.pt\/index.php?rest_route=\/"}],"wp:attachment":[{"href":"https:\/\/srrafeiro.pt\/index.php?rest_route=%2Fwp%2Fv2%2Fmedia&parent=231"}],"curies":[{"name":"wp","href":"https:\/\/api.w.org\/{rel}","templated":true}]}}