{"id":417,"date":"2022-07-21T10:58:46","date_gmt":"2022-07-21T09:58:46","guid":{"rendered":"https:\/\/srrafeiro.wordpress.com\/?page_id=417"},"modified":"2024-03-12T17:33:57","modified_gmt":"2024-03-12T17:33:57","slug":"ultra-angus","status":"publish","type":"page","link":"https:\/\/srrafeiro.pt\/?page_id=417","title":{"rendered":"Ultra &#8211; Bovino Angus"},"content":{"rendered":"\n<h2 class=\"wp-block-heading has-text-align-center\">Ultra &#8211; Bovino Angus com Cenoura, Feij\u00e3o Verde, Couve-Flor, Tomate e Curgete<\/h2>\n\n\n\n<figure class=\"wp-block-image size-large is-resized\"><a href=\"https:\/\/srrafeiro.pt\/?page_id=232\"><img loading=\"lazy\" decoding=\"async\" width=\"1024\" height=\"682\" src=\"https:\/\/srrafeiro.pt\/wp-content\/uploads\/2022\/10\/srrafeiro-ultra-1024x682.jpg\" alt=\"Sr. Rafeiro - Ultra\" class=\"wp-image-735\" style=\"width:512px;height:341px\" srcset=\"https:\/\/srrafeiro.pt\/wp-content\/uploads\/2022\/10\/srrafeiro-ultra-1024x682.jpg 1024w, https:\/\/srrafeiro.pt\/wp-content\/uploads\/2022\/10\/srrafeiro-ultra-300x200.jpg 300w, https:\/\/srrafeiro.pt\/wp-content\/uploads\/2022\/10\/srrafeiro-ultra-768x512.jpg 768w, https:\/\/srrafeiro.pt\/wp-content\/uploads\/2022\/10\/srrafeiro-ultra-1536x1024.jpg 1536w, https:\/\/srrafeiro.pt\/wp-content\/uploads\/2022\/10\/srrafeiro-ultra.jpg 2000w\" sizes=\"auto, (max-width: 1024px) 100vw, 1024px\" \/><\/a><\/figure>\n\n\n\n<figure class=\"wp-block-image size-large\"><img loading=\"lazy\" decoding=\"async\" width=\"1024\" height=\"1024\" src=\"https:\/\/srrafeiro.pt\/wp-content\/uploads\/2024\/03\/ultra-SFA-1024x1024.jpg\" alt=\"\" class=\"wp-image-951\" title=\"Ultra\" srcset=\"https:\/\/srrafeiro.pt\/wp-content\/uploads\/2024\/03\/ultra-SFA-1024x1024.jpg 1024w, https:\/\/srrafeiro.pt\/wp-content\/uploads\/2024\/03\/ultra-SFA-300x300.jpg 300w, https:\/\/srrafeiro.pt\/wp-content\/uploads\/2024\/03\/ultra-SFA-150x150.jpg 150w, https:\/\/srrafeiro.pt\/wp-content\/uploads\/2024\/03\/ultra-SFA-768x768.jpg 768w, https:\/\/srrafeiro.pt\/wp-content\/uploads\/2024\/03\/ultra-SFA.jpg 1080w\" sizes=\"auto, (max-width: 1024px) 100vw, 1024px\" \/><\/figure>\n\n\n\n<p>A ra\u00e7\u00e3o Sr. Rafeiro Ultra &#8211; Bovino Angus com Cenoura, Feij\u00e3o Verde, Couve-Flor, Tomate e Curgete cont\u00e9m a melhor carne crua preparada fresca, cozinhada suavemente para proteger a qualidade da prote\u00edna.<\/p>\n\n\n\n<p>Cont\u00e9m tamb\u00e9m uma mistura de Superfood, alimentos esses nutritivos e ben\u00e9ficos para a sa\u00fade.<\/p>\n\n\n\n<p>\u00c9 assim, a melhor ra\u00e7\u00e3o que o seu patudo pode comer!<\/p>\n\n\n\n<div class=\"wp-block-buttons is-content-justification-center is-layout-flex wp-container-core-buttons-is-layout-a89b3969 wp-block-buttons-is-layout-flex\">\n<div class=\"wp-block-button has-custom-width wp-block-button__width-50 has-custom-font-size\" style=\"font-size:1.25rem\"><a class=\"wp-block-button__link has-foreground-color has-luminous-vivid-amber-background-color has-text-color has-background wp-element-button\" href=\"https:\/\/gorkypets.com\/index.php?id_product=1532&amp;controller=product\">Fazer Encomenda<\/a><\/div>\n<\/div>\n\n\n\n<div class=\"wp-block-columns is-layout-flex wp-container-core-columns-is-layout-28f84493 wp-block-columns-is-layout-flex\">\n<div class=\"wp-block-column is-layout-flow wp-block-column-is-layout-flow\">\n<figure class=\"wp-block-image size-large\"><img decoding=\"async\" src=\"https:\/\/srrafeiro.files.wordpress.com\/2022\/07\/total.png?w=250\" alt=\"\" class=\"wp-image-423\"\/><figcaption class=\"wp-element-caption\">65% Total de Carne Bovina<\/figcaption><\/figure>\n\n\n\n<p class=\"has-text-align-justify has-small-font-size\">Rico em amino\u00e1cidos essenciais, vitaminas e minerais para apoiar todos os dias a sa\u00fade e o bem-estar.<\/p>\n<\/div>\n\n\n\n<div class=\"wp-block-column is-layout-flow wp-block-column-is-layout-flow\">\n<figure class=\"wp-block-image size-large\"><img loading=\"lazy\" decoding=\"async\" width=\"250\" height=\"250\" src=\"https:\/\/srrafeiro.files.wordpress.com\/2022\/06\/carne-bovina.png?w=250\" alt=\"Sr. Rafeiro - Ultra Angus\" class=\"wp-image-174\" srcset=\"https:\/\/srrafeiro.pt\/wp-content\/uploads\/2022\/06\/carne-bovina.png 250w, https:\/\/srrafeiro.pt\/wp-content\/uploads\/2022\/06\/carne-bovina-150x150.png 150w\" sizes=\"auto, (max-width: 250px) 100vw, 250px\" \/><figcaption class=\"wp-element-caption\">M\u00ednimo 35% de Carne<br>Bovina Angus Preparada Fresca<\/figcaption><\/figure>\n\n\n\n<p class=\"has-text-align-justify has-small-font-size\">Uma fonte de prote\u00ednas de origem respons\u00e1vel e altamente diger\u00edvel.<\/p>\n<\/div>\n\n\n\n<div class=\"wp-block-column is-layout-flow wp-block-column-is-layout-flow\">\n<figure class=\"wp-block-image size-large\"><img decoding=\"async\" src=\"https:\/\/srrafeiro.files.wordpress.com\/2022\/07\/colagenio.png?w=250\" alt=\"\" class=\"wp-image-424\"\/><figcaption class=\"wp-element-caption\">Col\u00e1geno presente de<br>forma natural<\/figcaption><\/figure>\n\n\n\n<p class=\"has-text-align-justify has-small-font-size\">Encontrado em ingredientes preparados frescos, o col\u00e1geno ajuda a manter a pele e as articula\u00e7\u00f5es saud\u00e1veis<\/p>\n<\/div>\n<\/div>\n\n\n\n<div class=\"wp-block-columns is-layout-flex wp-container-core-columns-is-layout-28f84493 wp-block-columns-is-layout-flex\">\n<div class=\"wp-block-column is-layout-flow wp-block-column-is-layout-flow\">\n<figure class=\"wp-block-image size-large\"><img loading=\"lazy\" decoding=\"async\" width=\"250\" height=\"250\" src=\"https:\/\/srrafeiro.files.wordpress.com\/2022\/06\/mistura-superfood-2.png?w=250\" alt=\"\" class=\"wp-image-166\" srcset=\"https:\/\/srrafeiro.pt\/wp-content\/uploads\/2022\/06\/mistura-superfood-2.png 250w, https:\/\/srrafeiro.pt\/wp-content\/uploads\/2022\/06\/mistura-superfood-2-150x150.png 150w\" sizes=\"auto, (max-width: 250px) 100vw, 250px\" \/><figcaption class=\"wp-element-caption\">Mistura Superfood<\/figcaption><\/figure>\n\n\n\n<p class=\"has-text-align-justify has-small-font-size\">Uma mistura de 5  super-alimentos cuidadosamente selecionados, cada um com os seus pr\u00f3prios benef\u00edcios \u00fanicos.<\/p>\n<\/div>\n\n\n\n<div class=\"wp-block-column is-layout-flow wp-block-column-is-layout-flow\">\n<figure class=\"wp-block-image size-large\"><img loading=\"lazy\" decoding=\"async\" width=\"250\" height=\"250\" src=\"https:\/\/srrafeiro.files.wordpress.com\/2022\/06\/saude-digestiva-3.png?w=250\" alt=\"\" class=\"wp-image-167\" srcset=\"https:\/\/srrafeiro.pt\/wp-content\/uploads\/2022\/06\/saude-digestiva-3.png 250w, https:\/\/srrafeiro.pt\/wp-content\/uploads\/2022\/06\/saude-digestiva-3-150x150.png 150w\" sizes=\"auto, (max-width: 250px) 100vw, 250px\" \/><figcaption class=\"wp-element-caption\">Digest\u00e3o sens\u00edvel<\/figcaption><\/figure>\n\n\n\n<p class=\"has-text-align-justify has-small-font-size\">MOS pr\u00e9-bi\u00f3ticos e FOS que pode ajudar a promover o crescimento de bact\u00e9rias intestinais saud\u00e1veis e ajuda na digest\u00e3o<\/p>\n<\/div>\n\n\n\n<div class=\"wp-block-column is-layout-flow wp-block-column-is-layout-flow\">\n<figure class=\"wp-block-image size-large\"><img loading=\"lazy\" decoding=\"async\" width=\"250\" height=\"250\" src=\"https:\/\/srrafeiro.files.wordpress.com\/2022\/06\/sem-conservantes-3.png?w=250\" alt=\"\" class=\"wp-image-168\" srcset=\"https:\/\/srrafeiro.pt\/wp-content\/uploads\/2022\/06\/sem-conservantes-3.png 250w, https:\/\/srrafeiro.pt\/wp-content\/uploads\/2022\/06\/sem-conservantes-3-150x150.png 150w\" sizes=\"auto, (max-width: 250px) 100vw, 250px\" \/><figcaption class=\"wp-element-caption\">Sem conservantes nem corantes<\/figcaption><\/figure>\n\n\n\n<p class=\"has-text-align-justify has-small-font-size\">Conservado naturalmente com extrato de alecrim.<\/p>\n<\/div>\n<\/div>\n\n\n\n<hr class=\"wp-block-separator has-alpha-channel-opacity is-style-dots\"\/>\n\n\n\n<figure class=\"wp-block-table is-style-regular has-small-font-size\"><table style=\"border-style:none;border-width:0px\"><thead><tr><th>Porqu\u00ea Superfoods?<\/th><th><\/th><\/tr><\/thead><tbody><tr><td>Cenoura<\/td><td>Fonte de Vitamina A para ajudar a manter a<br>vis\u00e3o saud\u00e1vel.<\/td><\/tr><tr><td>Feij\u00e3o Verde<\/td><td>Fonte de ferro para ajudar a manter as fun\u00e7\u00f5es<br>normais do sistema circulat\u00f3rio<\/td><\/tr><tr><td>Couve-flor<\/td><td>Fonte de Vitamina B9, importante para o<br>metabolismo de amino\u00e1cidos e nucleot\u00eddeos<\/td><\/tr><tr><td>Tomate<\/td><td>Fonte de fibra alimentar para ajudar a<br>normalizar o tr\u00e2nsito gastrointestinal.<\/td><\/tr><tr><td>Curgete<\/td><td>Fonte de vitamina B3, um cofator importante<br>no metabolismo de carboidratos, prote\u00ednas<br>e gorduras.<\/td><\/tr><\/tbody><\/table><\/figure>\n\n\n\n<hr class=\"wp-block-separator alignfull has-alpha-channel-opacity is-style-dots\"\/>\n\n\n\n<h2 class=\"wp-block-heading has-text-align-center\">Composi\u00e7\u00e3o<\/h2>\n\n\n\n<div class=\"wp-block-columns is-layout-flex wp-container-core-columns-is-layout-28f84493 wp-block-columns-is-layout-flex\">\n<div class=\"wp-block-column is-layout-flow wp-block-column-is-layout-flow\">\n<p class=\"has-small-font-size\">65% de Carne Bovina (35% de Carne Bovina Angus Preparada Fresca, 24% de Carne Bovina desidratada, 6% de Gordura de Carne), Batata Doce, Feij\u00e3o, Polpa de Beterraba, Mistura de Superalimentos Desidratados* (Incluindo Cenoura, Feij\u00e3o Verde, Couve-Flor, Tomate, Curgete), Minerais, Suplemento \u00f4mega 3, Frutooligossacar\u00eddeos (FOS, 192 mg \/ kg), Glucosamina (170 mg \/ kg), Metilsulfonilmetano (170 mg \/ kg), Sulfato de Condroitina (125 mg \/ kg), Mannanoligossacar\u00eddeos (MOS, 48 mg \/ kg), Extrato de Oliva (0,01 %)<\/p>\n\n\n\n<p class=\"has-small-font-size\">*Cada ingrediente equivale a 4% de ingredientes frescos<\/p>\n\n\n\n<p class=\"has-small-font-size\"><strong>CONSTITUINTES ANAL\u00cdTICOS:&nbsp;<\/strong>Prote\u00edna bruta 38%,&nbsp;Gordura bruta 16%,&nbsp;Fibra Bruta 2%,&nbsp;Cinza Bruta 6%, H\u00famidade 8%, NFE 30%,&nbsp;Energia metaboliz\u00e1vel 399 kcal \/ 100g, \u00c1cidos Gordurosos \u00d3mega-6 0.9%, \u00c1cidos Gordurosos \u00d3mega 3 0,5%,&nbsp;C\u00e1lcio 1,2%,&nbsp;F\u00f3sforo 0.9%.<\/p>\n\n\n\n<p class=\"has-small-font-size\"><strong>ADITIVOS NUTRICIONAIS \/ KG:&nbsp;Vitaminas:<\/strong>&nbsp;Vitamina A 15,000 UI, Vitamina D3 2,000 IU, Vitamina E 95 IU.&nbsp;<strong>Oligoelementos:<\/strong>&nbsp;Zinco (Sulfato de Zinco Monoidratado) 50 mg, Ferro (Sulfato de Ferro (II) Monoidratado) 50 mg, Mangan\u00eas (Sulfato de Mangan\u00eas Monoidratado) 35 mg, Cobre (Cobre (II) Sulfato Penta-hidratado) 15 mg, Iodo (Iodato de C\u00e1lcio Iodeto de Anidro e Pot\u00e1ssio) 1,6 mg, Sel\u00eanio (S\u00f3dio Selenito) 0,3 mg.<\/p>\n<\/div>\n\n\n\n<div class=\"wp-block-column is-layout-flow wp-block-column-is-layout-flow\">\n<figure class=\"wp-block-image size-large\"><img decoding=\"async\" src=\"https:\/\/srrafeiro.files.wordpress.com\/2022\/07\/sfb-1.png?w=1024\" alt=\"Sr. Rafeiro - Ultra Angus\" class=\"wp-image-432\"\/><\/figure>\n\n\n\n<p class=\"has-text-align-center\"><strong>GUIA DE ALIMENTA\u00c7\u00c3O:<\/strong><\/p>\n\n\n\n<figure class=\"wp-block-table is-style-stripes has-small-font-size\"><table><thead><tr><th class=\"has-text-align-center\" data-align=\"center\"><strong>PESO&nbsp;DO C\u00c3O<\/strong><\/th><th class=\"has-text-align-center\" data-align=\"center\"><strong>GRAMAS\/DIA<\/strong><\/th><\/tr><\/thead><tbody><tr><td class=\"has-text-align-center\" data-align=\"center\">1-5 kg<\/td><td class=\"has-text-align-center\" data-align=\"center\">25-80g<\/td><\/tr><tr><td class=\"has-text-align-center\" data-align=\"center\">5-10 kg<\/td><td class=\"has-text-align-center\" data-align=\"center\">80-130g<\/td><\/tr><tr><td class=\"has-text-align-center\" data-align=\"center\">10-20 kg<\/td><td class=\"has-text-align-center\" data-align=\"center\">130-220g<\/td><\/tr><tr><td class=\"has-text-align-center\" data-align=\"center\">20-30 kg<\/td><td class=\"has-text-align-center\" data-align=\"center\">220-300g<\/td><\/tr><tr><td class=\"has-text-align-center\" data-align=\"center\">30-40kg<\/td><td class=\"has-text-align-center\" data-align=\"center\">300-375g<\/td><\/tr><tr><td class=\"has-text-align-center\" data-align=\"center\">40 +kg<\/td><td class=\"has-text-align-center\" data-align=\"center\">375+g<\/td><\/tr><\/tbody><\/table><figcaption class=\"wp-element-caption\">Todos os c\u00e3es s\u00e3o diferentes e, assim sendo, este guia deve ser adaptado \u00e0s necessidades de cada ra\u00e7a, idade, temperamento e n\u00edveis de atividade de cada c\u00e3o. Quando houver altera\u00e7\u00e3o na alimenta\u00e7\u00e3o, o novo alimento deve ser introduzido gradualmente durante duas semanas. Deve assegurar-se tamb\u00e9m que disp\u00f5e sempre de \u00e1gua fresca e limpa.<\/figcaption><\/figure>\n<\/div>\n<\/div>\n\n\n\n<hr class=\"wp-block-separator has-alpha-channel-opacity is-style-dots\"\/>\n\n\n\n<h2 class=\"wp-block-heading has-text-align-center has-cyan-bluish-gray-background-color has-background\">Dispon\u00edvel em:<\/h2>\n\n\n\n<figure class=\"wp-block-image size-full\"><img loading=\"lazy\" decoding=\"async\" width=\"558\" height=\"396\" src=\"https:\/\/srrafeiro.pt\/wp-content\/uploads\/2022\/10\/12kgs-2kgs.jpg\" alt=\"\" class=\"wp-image-744\" srcset=\"https:\/\/srrafeiro.pt\/wp-content\/uploads\/2022\/10\/12kgs-2kgs.jpg 558w, https:\/\/srrafeiro.pt\/wp-content\/uploads\/2022\/10\/12kgs-2kgs-300x213.jpg 300w\" sizes=\"auto, (max-width: 558px) 100vw, 558px\" \/><\/figure>\n\n\n\n<div class=\"wp-block-buttons is-content-justification-center is-layout-flex wp-container-core-buttons-is-layout-a89b3969 wp-block-buttons-is-layout-flex\">\n<div class=\"wp-block-button has-custom-width wp-block-button__width-50 has-custom-font-size\" style=\"font-size:1.25rem\"><a class=\"wp-block-button__link has-foreground-color has-luminous-vivid-amber-background-color has-text-color has-background wp-element-button\" href=\"https:\/\/gorkypets.com\/index.php?id_product=1532&amp;controller=product\" target=\"_blank\" rel=\"noreferrer noopener\">Fazer Encomenda<\/a><\/div>\n<\/div>\n\n\n\n<hr class=\"wp-block-separator has-alpha-channel-opacity is-style-dots\"\/>\n\n\n\n<div style=\"height:100px\" aria-hidden=\"true\" class=\"wp-block-spacer\"><\/div>\n","protected":false},"excerpt":{"rendered":"<p>Ultra &#8211; Bovino Angus com Cenoura, Feij\u00e3o Verde, Couve-Flor, Tomate e Curgete A ra\u00e7\u00e3o Sr. Rafeiro Ultra &#8211; Bovino Angus com Cenoura, Feij\u00e3o Verde, Couve-Flor, Tomate e Curgete cont\u00e9m a melhor carne crua preparada fresca, cozinhada suavemente para proteger a qualidade da prote\u00edna. Cont\u00e9m tamb\u00e9m uma mistura de Superfood, alimentos esses nutritivos e ben\u00e9ficos para [&hellip;]<\/p>\n","protected":false},"author":1,"featured_media":0,"parent":232,"menu_order":-4,"comment_status":"closed","ping_status":"closed","template":"header-footer-only","meta":{"om_disable_all_campaigns":false,"_monsterinsights_skip_tracking":false,"_monsterinsights_sitenote_active":false,"_monsterinsights_sitenote_note":"","_monsterinsights_sitenote_category":0,"footnotes":""},"class_list":["post-417","page","type-page","status-publish","hentry"],"aioseo_notices":[],"_links":{"self":[{"href":"https:\/\/srrafeiro.pt\/index.php?rest_route=\/wp\/v2\/pages\/417","targetHints":{"allow":["GET"]}}],"collection":[{"href":"https:\/\/srrafeiro.pt\/index.php?rest_route=\/wp\/v2\/pages"}],"about":[{"href":"https:\/\/srrafeiro.pt\/index.php?rest_route=\/wp\/v2\/types\/page"}],"author":[{"embeddable":true,"href":"https:\/\/srrafeiro.pt\/index.php?rest_route=\/wp\/v2\/users\/1"}],"replies":[{"embeddable":true,"href":"https:\/\/srrafeiro.pt\/index.php?rest_route=%2Fwp%2Fv2%2Fcomments&post=417"}],"version-history":[{"count":9,"href":"https:\/\/srrafeiro.pt\/index.php?rest_route=\/wp\/v2\/pages\/417\/revisions"}],"predecessor-version":[{"id":953,"href":"https:\/\/srrafeiro.pt\/index.php?rest_route=\/wp\/v2\/pages\/417\/revisions\/953"}],"up":[{"embeddable":true,"href":"https:\/\/srrafeiro.pt\/index.php?rest_route=\/wp\/v2\/pages\/232"}],"wp:attachment":[{"href":"https:\/\/srrafeiro.pt\/index.php?rest_route=%2Fwp%2Fv2%2Fmedia&parent=417"}],"curies":[{"name":"wp","href":"https:\/\/api.w.org\/{rel}","templated":true}]}}