{"id":453,"date":"2022-07-21T18:33:58","date_gmt":"2022-07-21T17:33:58","guid":{"rendered":"https:\/\/srrafeiro.wordpress.com\/?page_id=453"},"modified":"2023-01-24T11:39:15","modified_gmt":"2023-01-24T11:39:15","slug":"superpremium-cachorros-frango","status":"publish","type":"page","link":"https:\/\/srrafeiro.pt\/?page_id=453","title":{"rendered":"SuperPremium &#8211; Cachorros Frango \ufffc"},"content":{"rendered":"\n<h2 class=\"has-text-align-center wp-block-heading\">Frango com Arroz &#8211; para Cachorros<\/h2>\n\n\n\n<figure class=\"wp-block-image size-large is-resized\"><a href=\"https:\/\/srrafeiro.pt\/?page_id=230\"><img loading=\"lazy\" decoding=\"async\" src=\"https:\/\/srrafeiro.pt\/wp-content\/uploads\/2022\/10\/srrafeiro-superpremium-1024x682.jpg\" alt=\"Sr. Rafeiro - Superpremium\" class=\"wp-image-763\" width=\"512\" height=\"341\"\/><\/a><\/figure>\n\n\n\n<figure class=\"wp-block-image size-large\"><img loading=\"lazy\" decoding=\"async\" width=\"2000\" height=\"2000\" src=\"https:\/\/srrafeiro.files.wordpress.com\/2022\/06\/crc_0004_gpp-2.jpg?w=1024\" alt=\"\" class=\"wp-image-199\" title=\"Ultra\" srcset=\"https:\/\/srrafeiro.pt\/wp-content\/uploads\/2022\/06\/crc_0004_gpp-2.jpg 2000w, https:\/\/srrafeiro.pt\/wp-content\/uploads\/2022\/06\/crc_0004_gpp-2-300x300.jpg 300w, https:\/\/srrafeiro.pt\/wp-content\/uploads\/2022\/06\/crc_0004_gpp-2-1024x1024.jpg 1024w, https:\/\/srrafeiro.pt\/wp-content\/uploads\/2022\/06\/crc_0004_gpp-2-150x150.jpg 150w, https:\/\/srrafeiro.pt\/wp-content\/uploads\/2022\/06\/crc_0004_gpp-2-768x768.jpg 768w, https:\/\/srrafeiro.pt\/wp-content\/uploads\/2022\/06\/crc_0004_gpp-2-1536x1536.jpg 1536w\" sizes=\"auto, (max-width: 2000px) 100vw, 2000px\" \/><\/figure>\n\n\n\n<p>Sr. Rafeiro SuperPremium de Frango com arroz para Cachorros oferece uma receita hipoalerg\u00e9nica formulada sem al\u00e9rgenos alimentares mais comuns para c\u00e3es.<\/p>\n\n\n\n<h2 class=\"wp-block-heading\">Porqu\u00ea Frango?<\/h2>\n\n\n\n<p>O Frango \u00e9 uma fonte de prote\u00edna magra, rica em amino\u00e1cidos essenciais. Tamb\u00e9m \u00e9 uma boa fonte de vitaminas e minerais, incluindo vitaminas B e ferro, que ajudam a manter a sa\u00fade e o bem-estar em geral.<\/p>\n\n\n\n<h3 class=\"wp-block-heading\">Porqu\u00ea Arroz?<\/h3>\n\n\n\n<p>O arroz \u00e9 uma fonte de carboidratos ideal para c\u00e3es com digest\u00e3o sens\u00edvel.<\/p>\n\n\n\n<div class=\"wp-block-buttons is-content-justification-center is-layout-flex wp-container-core-buttons-is-layout-a89b3969 wp-block-buttons-is-layout-flex\">\n<div class=\"wp-block-button has-custom-width wp-block-button__width-50 has-custom-font-size\" style=\"font-size:1.25rem\"><a class=\"wp-block-button__link has-foreground-color has-luminous-vivid-amber-background-color has-text-color has-background\" href=\"https:\/\/gorkypets.com\/index.php?id_product=1534&amp;controller=product\" target=\"_blank\" rel=\"noreferrer noopener\">Fazer Encomenda<\/a><\/div>\n<\/div>\n\n\n\n<div class=\"wp-block-columns is-layout-flex wp-container-core-columns-is-layout-28f84493 wp-block-columns-is-layout-flex\">\n<div class=\"wp-block-column is-layout-flow wp-block-column-is-layout-flow\">\n<figure class=\"wp-block-image size-large\"><img decoding=\"async\" src=\"https:\/\/srrafeiro.files.wordpress.com\/2022\/06\/38-frango-1.png?w=250\" alt=\"\" class=\"wp-image-343\"\/><figcaption>38% Total de Frango<\/figcaption><\/figure>\n\n\n\n<p class=\"has-text-align-justify\">Uma fonte de prote\u00edna de origem respons\u00e1vel e altamente diger\u00edvel.<\/p>\n<\/div>\n\n\n\n<div class=\"wp-block-column is-layout-flow wp-block-column-is-layout-flow\">\n<figure class=\"wp-block-image size-large\"><img decoding=\"async\" src=\"https:\/\/srrafeiro.files.wordpress.com\/2022\/06\/pack-articulacoes-2.png?w=250\" alt=\"\" class=\"wp-image-370\"\/><figcaption>Pack para o Cuidado das Articula\u00e7\u00f5es<\/figcaption><\/figure>\n\n\n\n<p class=\"has-text-align-justify has-small-font-size\">Para ajudar a proteger a cartilagem para manter as articula\u00e7\u00f5es saud\u00e1veis dos cachorros.<\/p>\n<\/div>\n\n\n\n<div class=\"wp-block-column is-layout-flow wp-block-column-is-layout-flow\">\n<figure class=\"wp-block-image size-large\"><img decoding=\"async\" src=\"https:\/\/srrafeiro.files.wordpress.com\/2022\/06\/proteina-alta-qualidade-2.png?w=250\" alt=\"\" class=\"wp-image-341\"\/><figcaption>Prote\u00edna de Alta Qualidade<\/figcaption><\/figure>\n\n\n\n<p class=\"has-text-align-justify has-small-font-size\">Ajuda ao crescimento saud\u00e1vel e desenvolvimento dos m\u00fasculos<\/p>\n<\/div>\n<\/div>\n\n\n\n<div class=\"wp-block-columns is-layout-flex wp-container-core-columns-is-layout-28f84493 wp-block-columns-is-layout-flex\">\n<div class=\"wp-block-column is-layout-flow wp-block-column-is-layout-flow\">\n<figure class=\"wp-block-image size-large\"><img decoding=\"async\" src=\"https:\/\/srrafeiro.files.wordpress.com\/2022\/06\/pele-e-pelagem-2.png?w=250\" alt=\"\" class=\"wp-image-364\"\/><figcaption>Pele e Pelagem<\/figcaption><\/figure>\n\n\n\n<p class=\"has-text-align-justify has-small-font-size\">Cont\u00e9m \u00e1cidos gordos essenciais \u00f4mega 3 e 6 para ajudar a manter uma pele saud\u00e1vel e pelagem brilhante.<\/p>\n<\/div>\n\n\n\n<div class=\"wp-block-column is-layout-flow wp-block-column-is-layout-flow\">\n<figure class=\"wp-block-image size-large\"><img decoding=\"async\" src=\"https:\/\/srrafeiro.files.wordpress.com\/2022\/06\/sistema-imunilogico-2.png?w=250\" alt=\"\" class=\"wp-image-355\"\/><figcaption>Sistema imunol\u00f3gico<\/figcaption><\/figure>\n\n\n\n<p class=\"has-text-align-justify has-small-font-size\">Cont\u00e9m vitaminas e minerais para ajudar a manter um sistema imunol\u00f3gico saud\u00e1vel.<\/p>\n<\/div>\n\n\n\n<div class=\"wp-block-column is-layout-flow wp-block-column-is-layout-flow\">\n<figure class=\"wp-block-image size-large\"><img loading=\"lazy\" decoding=\"async\" width=\"250\" height=\"250\" src=\"https:\/\/srrafeiro.files.wordpress.com\/2022\/06\/sem-corante-1.png?w=250\" alt=\"\" class=\"wp-image-196\" srcset=\"https:\/\/srrafeiro.pt\/wp-content\/uploads\/2022\/06\/sem-corante-1.png 250w, https:\/\/srrafeiro.pt\/wp-content\/uploads\/2022\/06\/sem-corante-1-150x150.png 150w\" sizes=\"auto, (max-width: 250px) 100vw, 250px\" \/><figcaption>Sem conservantes nem corantes<\/figcaption><\/figure>\n\n\n\n<p class=\"has-text-align-justify has-small-font-size\">Conservado naturalmente com extrato de alecrim.<\/p>\n<\/div>\n<\/div>\n\n\n\n<hr class=\"wp-block-separator alignfull has-alpha-channel-opacity is-style-dots\"\/>\n\n\n\n<h2 class=\"has-text-align-center wp-block-heading\">Composi\u00e7\u00e3o<\/h2>\n\n\n\n<div class=\"wp-block-columns is-layout-flex wp-container-core-columns-is-layout-28f84493 wp-block-columns-is-layout-flex\">\n<div class=\"wp-block-column is-layout-flow wp-block-column-is-layout-flow\">\n<p class=\"has-small-font-size\">Frango 38% (incluindo Frango Desidratado 31%, Gordura de Frango 5% e Molho de Frango 2%) Arroz (18%), Milho, Aveia, Polpa de Beterraba (5%), Peixe Desidratado, Caldo de Legumes, Cria\u00e7\u00e3o de Ovos ao ar livre Preparados Frescos, Levedura de Cerveja, Linha\u00e7a, Minerais, Suplemento de \u00f3mega 3, Mannanoligossacar\u00eddeos (MOS, 530 mg \/ kg), Frutooligossacar\u00eddeos (FOS, 530 mg \/ kg), Extrato de Mandioca (240 mg \/ kg), Glucosamina (90 mg \/ kg), Metilsulfonilmetano (90 mg \/ kg), Sulfato de Condroitina (60 mg \/ kg).<\/p>\n\n\n\n<p class=\"has-small-font-size\">*Cada ingrediente equivale a 4% de ingredientes frescos<\/p>\n\n\n\n<p><strong>ADITIVOS NUTRICIONAIS \/ KG:&nbsp;<\/strong><\/p>\n\n\n\n<p><strong>Vitaminas:&nbsp;<\/strong>Vitamina A 25,800 IU, Vitamina D3 1,750 IU;&nbsp;<\/p>\n\n\n\n<p><strong>Provitaminas:<\/strong>&nbsp;L-Carnitina 100 mg;<strong>&nbsp;<\/strong><\/p>\n\n\n\n<p><strong>Oligoelementos:&nbsp;<\/strong>Zinco (Quelato de Zinco de amino\u00e1cidos Hidratados \/ Sulfato de Zinco Monoidratado) 153 mg, Ferro (Ferro (II) Sulfato Monoidratado \/ Ferro (II) Quelato de Amino\u00e1cidos Hidratados) 95 mg, Mangan\u00eas (Sulfato Manganoso Monoidratado) 35 mg, Cobre (Sulfato de Cobre (II) Penta hidratado \/ Quelato de Cobre (II) de Amino\u00e1cidos Hidratados) 15 mg, Iodo (Iodato de C\u00e1lcio Anidro) 1 mg, Sel\u00eanio (Selenito de S\u00f3dio) 0,3 mg;<strong>&nbsp;<\/strong><\/p>\n\n\n\n<p><strong>Amino\u00e1cidos:&nbsp;<\/strong>DL-Metionina 2,600 mg.<\/p>\n<\/div>\n\n\n\n<div class=\"wp-block-column is-layout-flow wp-block-column-is-layout-flow\">\n<figure class=\"wp-block-image size-large\"><img decoding=\"async\" src=\"https:\/\/srrafeiro.files.wordpress.com\/2022\/07\/gpp-pt-chicken-with-rice-puppy.png?w=1024\" alt=\"\" class=\"wp-image-454\"\/><\/figure>\n\n\n\n<p class=\"has-text-align-center\"><strong>Componentes Anal\u00edticos<\/strong><\/p>\n\n\n\n<figure class=\"wp-block-table is-style-regular has-small-font-size\"><table class=\"has-background has-fixed-layout\" style=\"background-color:#f0f9ff\"><tbody><tr><td>Prote\u00edna Bruta<\/td><td>28%<\/td><\/tr><tr><td>Gordura Bruta<\/td><td>13%<\/td><\/tr><tr><td>Fibra Bruta<\/td><td>3%<\/td><\/tr><tr><td>Cinza Bruta<\/td><td>7,5%<\/td><\/tr><tr><td>Humidade<\/td><td>8%<\/td><\/tr><tr><td>NFE<\/td><td>40,5%<\/td><\/tr><tr><td>Energia metaboliz\u00e1vel<\/td><td>369kcal \/ 100g<\/td><\/tr><tr><td>\u00c1cidos Gordurosos Omega 6<\/td><td>1,9%<\/td><\/tr><tr><td>\u00c1cidos Gordurosos Omega 3<\/td><td>0,7%<\/td><\/tr><tr><td>C\u00e1lcio<\/td><td>1,2%<\/td><\/tr><tr><td>F\u00f3sforo<\/td><td>0,9%<\/td><\/tr><\/tbody><\/table><\/figure>\n<\/div>\n<\/div>\n\n\n\n<p class=\"has-text-align-center\"><strong>GUIA DE ALIMENTA\u00c7\u00c3O* (Gramas por dia<\/strong>)<strong>:<\/strong><\/p>\n\n\n\n<figure class=\"wp-block-table is-style-stripes has-small-font-size\"><table><thead><tr><th class=\"has-text-align-center\" data-align=\"center\"><strong>Peso<br>esperado<br>do c\u00e3o<br>adulto (kg)<\/strong><\/th><th class=\"has-text-align-center\" data-align=\"center\">2 &#8211; 6<br>Meses<\/th><th class=\"has-text-align-center\" data-align=\"center\">6 &#8211; 9<br>Meses<\/th><th class=\"has-text-align-center\" data-align=\"center\">9 &#8211; 12<br>Meses<\/th><th class=\"has-text-align-center\" data-align=\"center\">9 &#8211; 12<br>Meses<\/th><\/tr><\/thead><tbody><tr><td class=\"has-text-align-center\" data-align=\"center\">1-4 kg<\/td><td class=\"has-text-align-center\" data-align=\"center\">70 &#8211; 100g<\/td><td class=\"has-text-align-center\" data-align=\"center\">100 &#8211; 70g<\/td><td class=\"has-text-align-center\" data-align=\"center\">70 &#8211; Adulto<\/td><td class=\"has-text-align-center\" data-align=\"center\">Adulto<\/td><\/tr><tr><td class=\"has-text-align-center\" data-align=\"center\">5-10 kg<\/td><td class=\"has-text-align-center\" data-align=\"center\">160 &#8211; 200g<\/td><td class=\"has-text-align-center\" data-align=\"center\">200 &#8211; 180g<\/td><td class=\"has-text-align-center\" data-align=\"center\">180 &#8211; Adulto<\/td><td class=\"has-text-align-center\" data-align=\"center\">Adulto<\/td><\/tr><tr><td class=\"has-text-align-center\" data-align=\"center\">11-25 kg<\/td><td class=\"has-text-align-center\" data-align=\"center\">250 &#8211; 290g<\/td><td class=\"has-text-align-center\" data-align=\"center\">290 &#8211; 290g<\/td><td class=\"has-text-align-center\" data-align=\"center\">290 &#8211; 260g<\/td><td class=\"has-text-align-center\" data-align=\"center\">260 &#8211; Adulto<\/td><\/tr><tr><td class=\"has-text-align-center\" data-align=\"center\">26-35 kg<\/td><td class=\"has-text-align-center\" data-align=\"center\">390 &#8211; 430g<\/td><td class=\"has-text-align-center\" data-align=\"center\">430 &#8211; 450g<\/td><td class=\"has-text-align-center\" data-align=\"center\">450 &#8211; 420g<\/td><td class=\"has-text-align-center\" data-align=\"center\">420 &#8211; 390g<\/td><\/tr><tr><td class=\"has-text-align-center\" data-align=\"center\">36-45kg<\/td><td class=\"has-text-align-center\" data-align=\"center\">480 &#8211; 520g<\/td><td class=\"has-text-align-center\" data-align=\"center\">520 &#8211; 540g<\/td><td class=\"has-text-align-center\" data-align=\"center\">540 &#8211; 510g<\/td><td class=\"has-text-align-center\" data-align=\"center\">510 &#8211; 480g<\/td><\/tr><\/tbody><\/table><figcaption>*Todos os c\u00e3es s\u00e3o diferentes e, assim sendo, este guia deve ser adaptado \u00e0s necessidades de cada ra\u00e7a, idade, temperamento e n\u00edveis de atividade de cada c\u00e3o. Quando houver altera\u00e7\u00e3o na alimenta\u00e7\u00e3o, o novo alimento deve ser introduzido gradualmente durante duas semanas. Deve assegurar-se tamb\u00e9m que disp\u00f5e sempre de \u00e1gua fresca e limpa.<\/figcaption><\/figure>\n\n\n\n<hr class=\"wp-block-separator has-alpha-channel-opacity is-style-dots\"\/>\n\n\n\n<div class=\"wp-block-group is-layout-flow wp-block-group-is-layout-flow\">\n<h2 class=\"has-text-align-center has-cyan-bluish-gray-background-color has-background has-link-color wp-block-heading wp-elements-730aa7b75a8cdaea667770aa36bdaec9\">Dispon\u00edvel em:<\/h2>\n\n\n\n<figure class=\"wp-block-image size-large\"><img decoding=\"async\" src=\"https:\/\/srrafeiro.files.wordpress.com\/2022\/07\/12kgs-2kgs.jpg?w=558\" alt=\"\" class=\"wp-image-609\"\/><\/figure>\n<\/div>\n\n\n\n<div class=\"wp-block-buttons is-content-justification-center is-layout-flex wp-container-core-buttons-is-layout-a89b3969 wp-block-buttons-is-layout-flex\">\n<div class=\"wp-block-button has-custom-width wp-block-button__width-50 has-custom-font-size\" style=\"font-size:1.25rem\"><a class=\"wp-block-button__link has-foreground-color has-luminous-vivid-amber-background-color has-text-color has-background\" href=\"https:\/\/gorkypets.com\/index.php?id_product=1534&amp;controller=product\" target=\"_blank\" rel=\"noreferrer noopener\">Fazer Encomenda<\/a><\/div>\n<\/div>\n\n\n\n<hr class=\"wp-block-separator has-alpha-channel-opacity is-style-dots\"\/>\n\n\n\n<div style=\"height:100px\" aria-hidden=\"true\" class=\"wp-block-spacer\"><\/div>\n","protected":false},"excerpt":{"rendered":"<p>Frango com Arroz &#8211; para Cachorros Sr. Rafeiro SuperPremium de Frango com arroz para Cachorros oferece uma receita hipoalerg\u00e9nica formulada sem al\u00e9rgenos alimentares mais comuns para c\u00e3es. Porqu\u00ea Frango? O Frango \u00e9 uma fonte de prote\u00edna magra, rica em amino\u00e1cidos essenciais. Tamb\u00e9m \u00e9 uma boa fonte de vitaminas e minerais, incluindo vitaminas B e ferro, [&hellip;]<\/p>\n","protected":false},"author":1,"featured_media":0,"parent":230,"menu_order":0,"comment_status":"closed","ping_status":"closed","template":"header-footer-only","meta":{"om_disable_all_campaigns":false,"_monsterinsights_skip_tracking":false,"_monsterinsights_sitenote_active":false,"_monsterinsights_sitenote_note":"","_monsterinsights_sitenote_category":0,"footnotes":""},"class_list":["post-453","page","type-page","status-publish","hentry"],"aioseo_notices":[],"_links":{"self":[{"href":"https:\/\/srrafeiro.pt\/index.php?rest_route=\/wp\/v2\/pages\/453","targetHints":{"allow":["GET"]}}],"collection":[{"href":"https:\/\/srrafeiro.pt\/index.php?rest_route=\/wp\/v2\/pages"}],"about":[{"href":"https:\/\/srrafeiro.pt\/index.php?rest_route=\/wp\/v2\/types\/page"}],"author":[{"embeddable":true,"href":"https:\/\/srrafeiro.pt\/index.php?rest_route=\/wp\/v2\/users\/1"}],"replies":[{"embeddable":true,"href":"https:\/\/srrafeiro.pt\/index.php?rest_route=%2Fwp%2Fv2%2Fcomments&post=453"}],"version-history":[{"count":1,"href":"https:\/\/srrafeiro.pt\/index.php?rest_route=\/wp\/v2\/pages\/453\/revisions"}],"predecessor-version":[{"id":783,"href":"https:\/\/srrafeiro.pt\/index.php?rest_route=\/wp\/v2\/pages\/453\/revisions\/783"}],"up":[{"embeddable":true,"href":"https:\/\/srrafeiro.pt\/index.php?rest_route=\/wp\/v2\/pages\/230"}],"wp:attachment":[{"href":"https:\/\/srrafeiro.pt\/index.php?rest_route=%2Fwp%2Fv2%2Fmedia&parent=453"}],"curies":[{"name":"wp","href":"https:\/\/api.w.org\/{rel}","templated":true}]}}