{"id":468,"date":"2022-07-22T10:15:28","date_gmt":"2022-07-22T09:15:28","guid":{"rendered":"https:\/\/srrafeiro.wordpress.com\/?page_id=468"},"modified":"2024-10-10T11:44:07","modified_gmt":"2024-10-10T11:44:07","slug":"superpremium-cordeiro","status":"publish","type":"page","link":"https:\/\/srrafeiro.pt\/?page_id=468","title":{"rendered":"SuperPremium &#8211; Adult Cordeiro"},"content":{"rendered":"\n<h2 class=\"wp-block-heading has-text-align-center\">Cordeiro com Arroz<\/h2>\n\n\n\n<figure class=\"wp-block-image size-full is-resized\"><img loading=\"lazy\" decoding=\"async\" width=\"1176\" height=\"784\" src=\"https:\/\/srrafeiro.pt\/wp-content\/uploads\/2024\/10\/logos-com-sr-rafeiro-AI-png-7-edited.png\" alt=\"\" class=\"wp-image-1003\" style=\"aspect-ratio:1.501466275659824;width:497px;height:auto\" srcset=\"https:\/\/srrafeiro.pt\/wp-content\/uploads\/2024\/10\/logos-com-sr-rafeiro-AI-png-7-edited.png 1176w, https:\/\/srrafeiro.pt\/wp-content\/uploads\/2024\/10\/logos-com-sr-rafeiro-AI-png-7-edited-300x200.png 300w, https:\/\/srrafeiro.pt\/wp-content\/uploads\/2024\/10\/logos-com-sr-rafeiro-AI-png-7-edited-1024x683.png 1024w, https:\/\/srrafeiro.pt\/wp-content\/uploads\/2024\/10\/logos-com-sr-rafeiro-AI-png-7-edited-768x512.png 768w\" sizes=\"auto, (max-width: 1176px) 100vw, 1176px\" \/><\/figure>\n\n\n\n<figure class=\"wp-block-image size-large\"><img loading=\"lazy\" decoding=\"async\" width=\"2000\" height=\"2000\" src=\"https:\/\/srrafeiro.files.wordpress.com\/2022\/06\/crc_0003_lrc-1.jpg?w=1024\" alt=\"\" class=\"wp-image-202\" title=\"Ultra\" srcset=\"https:\/\/srrafeiro.pt\/wp-content\/uploads\/2022\/06\/crc_0003_lrc-1.jpg 2000w, https:\/\/srrafeiro.pt\/wp-content\/uploads\/2022\/06\/crc_0003_lrc-1-300x300.jpg 300w, https:\/\/srrafeiro.pt\/wp-content\/uploads\/2022\/06\/crc_0003_lrc-1-1024x1024.jpg 1024w, https:\/\/srrafeiro.pt\/wp-content\/uploads\/2022\/06\/crc_0003_lrc-1-150x150.jpg 150w, https:\/\/srrafeiro.pt\/wp-content\/uploads\/2022\/06\/crc_0003_lrc-1-768x768.jpg 768w, https:\/\/srrafeiro.pt\/wp-content\/uploads\/2022\/06\/crc_0003_lrc-1-1536x1536.jpg 1536w\" sizes=\"auto, (max-width: 2000px) 100vw, 2000px\" \/><\/figure>\n\n\n\n<p>Sr. Rafeiro SuperPremium de Cordeiro com arroz oferece uma receita hipoalerg\u00e9nica formulada sem al\u00e9rgenos alimentares mais comuns para c\u00e3es.<\/p>\n\n\n\n<h2 class=\"wp-block-heading\">Porqu\u00ea Cordeiro?<\/h2>\n\n\n\n<p>O cordeiro \u00e9 uma fonte de prote\u00edna agrad\u00e1vel ao paladar, densa em nutrientes e f\u00e1cil de digerir. Tamb\u00e9m \u00e9 uma boa fonte de vitamina B12 e ferro, necess\u00e1ria para ajudar a manter as c\u00e9lulas sangu\u00edneas e nervosas saud\u00e1veis.<\/p>\n\n\n\n<h3 class=\"wp-block-heading\">Porqu\u00ea Arroz?<\/h3>\n\n\n\n<p>O arroz \u00e9 uma fonte de carboidratos ideal para c\u00e3es com digest\u00e3o sens\u00edvel.<\/p>\n\n\n\n<div class=\"wp-block-buttons is-content-justification-center is-layout-flex wp-container-core-buttons-is-layout-a89b3969 wp-block-buttons-is-layout-flex\">\n<div class=\"wp-block-button has-custom-width wp-block-button__width-50 has-custom-font-size\" style=\"font-size:1.25rem\"><a class=\"wp-block-button__link has-foreground-color has-luminous-vivid-amber-background-color has-text-color has-background wp-element-button\" href=\"https:\/\/gorkypets.com\/index.php?id_product=1534&amp;controller=product\" target=\"_blank\" rel=\"noreferrer noopener\">Fazer Encomenda<\/a><\/div>\n<\/div>\n\n\n\n<div class=\"wp-block-columns is-layout-flex wp-container-core-columns-is-layout-28f84493 wp-block-columns-is-layout-flex\">\n<div class=\"wp-block-column is-layout-flow wp-block-column-is-layout-flow\">\n<figure class=\"wp-block-image size-large\"><img decoding=\"async\" src=\"https:\/\/srrafeiro.files.wordpress.com\/2022\/06\/28-cordeiro-1.png?w=250\" alt=\"\" class=\"wp-image-349\"\/><figcaption class=\"wp-element-caption\">28% Total de Borrego<\/figcaption><\/figure>\n\n\n\n<p class=\"has-text-align-justify\">Uma fonte de prote\u00edna de origem respons\u00e1vel e altamente diger\u00edvel.<\/p>\n<\/div>\n\n\n\n<div class=\"wp-block-column is-layout-flow wp-block-column-is-layout-flow\">\n<figure class=\"wp-block-image size-large\"><img decoding=\"async\" src=\"https:\/\/srrafeiro.files.wordpress.com\/2022\/06\/energia-natural.png?w=250\" alt=\"\" class=\"wp-image-351\"\/><figcaption class=\"wp-element-caption\">Energia Natural<\/figcaption><\/figure>\n\n\n\n<p class=\"has-text-align-justify\">Cont\u00e9m combina\u00e7\u00e3o de fontes de carboidratos que  fornecem libera\u00e7\u00e3o r\u00e1pida e sustentada de energia.<\/p>\n<\/div>\n\n\n\n<div class=\"wp-block-column is-layout-flow wp-block-column-is-layout-flow\">\n<figure class=\"wp-block-image size-large\"><img decoding=\"async\" src=\"https:\/\/srrafeiro.files.wordpress.com\/2022\/06\/saude-digestiva-5.png?w=250\" alt=\"\" class=\"wp-image-367\"\/><figcaption class=\"wp-element-caption\">Sa\u00fade digestiva<\/figcaption><\/figure>\n\n\n\n<p class=\"has-text-align-justify\">Cont\u00e9m polpa de beterraba &#8211; uma boa fonte de fibras alimentares sol\u00faveis e insol\u00faveis, importantes para manter o tempo e a<br>mobilidade normais do tr\u00e2nsito intestinal.<\/p>\n<\/div>\n<\/div>\n\n\n\n<div class=\"wp-block-columns is-layout-flex wp-container-core-columns-is-layout-28f84493 wp-block-columns-is-layout-flex\">\n<div class=\"wp-block-column is-layout-flow wp-block-column-is-layout-flow\">\n<figure class=\"wp-block-image size-large\"><img decoding=\"async\" src=\"https:\/\/srrafeiro.files.wordpress.com\/2022\/06\/pele-e-pelagem-2.png?w=250\" alt=\"\" class=\"wp-image-364\"\/><figcaption class=\"wp-element-caption\">Pele e Pelagem<\/figcaption><\/figure>\n\n\n\n<p class=\"has-text-align-justify has-small-font-size\">Cont\u00e9m \u00e1cidos gordos essenciais \u00f4mega 3 e 6 para ajudar a manter uma pele saud\u00e1vel e pelagem brilhante.<\/p>\n<\/div>\n\n\n\n<div class=\"wp-block-column is-layout-flow wp-block-column-is-layout-flow\">\n<figure class=\"wp-block-image size-large\"><img decoding=\"async\" src=\"https:\/\/srrafeiro.files.wordpress.com\/2022\/06\/sistema-imunilogico-2.png?w=250\" alt=\"\" class=\"wp-image-355\"\/><figcaption class=\"wp-element-caption\">Sistema imunol\u00f3gico<\/figcaption><\/figure>\n\n\n\n<p class=\"has-text-align-justify has-small-font-size\">Cont\u00e9m vitaminas e minerais para ajudar a manter um sistema imunol\u00f3gico saud\u00e1vel.<\/p>\n<\/div>\n\n\n\n<div class=\"wp-block-column is-layout-flow wp-block-column-is-layout-flow\">\n<figure class=\"wp-block-image size-large\"><img loading=\"lazy\" decoding=\"async\" width=\"250\" height=\"250\" src=\"https:\/\/srrafeiro.files.wordpress.com\/2022\/06\/sem-corante-1.png?w=250\" alt=\"\" class=\"wp-image-196\" srcset=\"https:\/\/srrafeiro.pt\/wp-content\/uploads\/2022\/06\/sem-corante-1.png 250w, https:\/\/srrafeiro.pt\/wp-content\/uploads\/2022\/06\/sem-corante-1-150x150.png 150w\" sizes=\"auto, (max-width: 250px) 100vw, 250px\" \/><figcaption class=\"wp-element-caption\">Sem conservantes nem corantes<\/figcaption><\/figure>\n\n\n\n<p class=\"has-text-align-justify has-small-font-size\">Conservado naturalmente com extrato de alecrim.<\/p>\n<\/div>\n<\/div>\n\n\n\n<hr class=\"wp-block-separator alignfull has-alpha-channel-opacity is-style-dots\"\/>\n\n\n\n<h2 class=\"wp-block-heading has-text-align-center\">Composi\u00e7\u00e3o<\/h2>\n\n\n\n<div class=\"wp-block-columns is-layout-flex wp-container-core-columns-is-layout-28f84493 wp-block-columns-is-layout-flex\">\n<div class=\"wp-block-column is-layout-flow wp-block-column-is-layout-flow\">\n<p class=\"has-small-font-size\">Cordeiro 28% (incluindo Cordeiro Desidratado 26% e Molho de Cordeiro 2%), Arroz (26%), Cevada, Aveia, Levedura de Cerveja, Gordura de Frango, Polpa de Beterraba (2%), Minerais, Extrato de Mandioca (190 mg \/ kg )<\/p>\n\n\n\n<p class=\"has-small-font-size\">*Cada ingrediente equivale a 4% de ingredientes frescos<\/p>\n\n\n\n<p><\/p>\n\n\n\n<p><\/p>\n\n\n\n<p><strong>ADITIVOS NUTRICIONAIS \/ KG:&nbsp;<\/strong><\/p>\n\n\n\n<p><strong>Vitaminas:&nbsp;<\/strong>Vitamina A 14,400 IU, Vitamina D3 2,000 IU, Vitamina E 95 IU;<strong>&nbsp;<\/strong><\/p>\n\n\n\n<p><strong>Oligoelementos:&nbsp;<\/strong>Ferro (Sulfato de Ferro (II) Monoidratado) 50 mg, Zinco (Sulfato de Zinco Monoidratado) 50 mg, Mangan\u00eas (Sulfato de Mangan\u00eas Monoidratado) 35 mg, Iodo (Iodato de C\u00e1lcio Anidro) 1 mg, Sel\u00e9nio (Selenito de S\u00f3dio) 0,29 mg.<\/p>\n<\/div>\n\n\n\n<div class=\"wp-block-column is-layout-flow wp-block-column-is-layout-flow\">\n<figure class=\"wp-block-image size-large\"><img decoding=\"async\" src=\"https:\/\/srrafeiro.files.wordpress.com\/2022\/07\/lrc-pt-lamb-rice-adult-dog.png?w=1024\" alt=\"\" class=\"wp-image-469\"\/><\/figure>\n\n\n\n<p class=\"has-text-align-center\"><strong>Componentes Anal\u00edticos<\/strong><\/p>\n\n\n\n<figure class=\"wp-block-table is-style-regular has-small-font-size\"><table class=\"has-background has-fixed-layout\" style=\"background-color:#f0f9ff\"><tbody><tr><td>Prote\u00edna Bruta<\/td><td>22%<\/td><\/tr><tr><td>Gordura Bruta<\/td><td>9,5%<\/td><\/tr><tr><td>Fibra Bruta<\/td><td>3%<\/td><\/tr><tr><td>Cinza Bruta<\/td><td>9%<\/td><\/tr><tr><td>Humidade<\/td><td>8%<\/td><\/tr><tr><td>NFE<\/td><td>48,5%<\/td><\/tr><tr><td>Energia metaboliz\u00e1vel<\/td><td>345kcal \/ 100g<\/td><\/tr><tr><td>\u00c1cidos Gordurosos Omega 6<\/td><td>2,1%<\/td><\/tr><tr><td>\u00c1cidos Gordurosos Omega 3<\/td><td>0,6%<\/td><\/tr><tr><td>C\u00e1lcio<\/td><td>2,3%<\/td><\/tr><tr><td>F\u00f3sforo<\/td><td>1,3%<\/td><\/tr><\/tbody><\/table><\/figure>\n<\/div>\n<\/div>\n\n\n\n<p class=\"has-text-align-center\"><strong>GUIA DE ALIMENTA\u00c7\u00c3O* (Gramas por dia<\/strong>)<strong>:<\/strong><\/p>\n\n\n\n<figure class=\"wp-block-table is-style-stripes has-small-font-size\"><table><thead><tr><th class=\"has-text-align-center\" data-align=\"center\"><strong>Peso<br> c\u00e3o<br>adulto (kg)<\/strong><\/th><th class=\"has-text-align-center\" data-align=\"center\">Gramas por dia<\/th><\/tr><\/thead><tbody><tr><td class=\"has-text-align-center\" data-align=\"center\">1-5 kg<\/td><td class=\"has-text-align-center\" data-align=\"center\">35 &#8211; 90g<\/td><\/tr><tr><td class=\"has-text-align-center\" data-align=\"center\">5-10 kg<\/td><td class=\"has-text-align-center\" data-align=\"center\">90 &#8211; 150g<\/td><\/tr><tr><td class=\"has-text-align-center\" data-align=\"center\">10-20 kg<\/td><td class=\"has-text-align-center\" data-align=\"center\">150 &#8211; 255g<\/td><\/tr><tr><td class=\"has-text-align-center\" data-align=\"center\">20-30 kg<\/td><td class=\"has-text-align-center\" data-align=\"center\">255 &#8211; 345g<\/td><\/tr><tr><td class=\"has-text-align-center\" data-align=\"center\">30+kg<\/td><td class=\"has-text-align-center\" data-align=\"center\">345+g<\/td><\/tr><\/tbody><\/table><figcaption class=\"wp-element-caption\">*Todos os c\u00e3es s\u00e3o diferentes e, assim sendo, este guia deve ser adaptado \u00e0s necessidades de cada ra\u00e7a, idade, temperamento e n\u00edveis de atividade de cada c\u00e3o. Quando houver altera\u00e7\u00e3o na alimenta\u00e7\u00e3o, o novo alimento deve ser introduzido gradualmente durante duas semanas. Deve assegurar-se tamb\u00e9m que disp\u00f5e sempre de \u00e1gua fresca e limpa.<\/figcaption><\/figure>\n\n\n\n<hr class=\"wp-block-separator has-alpha-channel-opacity is-style-dots\"\/>\n\n\n\n<div class=\"wp-block-group is-layout-flow wp-block-group-is-layout-flow\">\n<h2 class=\"wp-block-heading has-text-align-center has-cyan-bluish-gray-background-color has-background has-link-color wp-elements-8e3110981c16ec202f765e717150b6c8\">Dispon\u00edvel em:<\/h2>\n\n\n\n<figure class=\"wp-block-image size-large\"><img decoding=\"async\" src=\"https:\/\/srrafeiro.files.wordpress.com\/2022\/07\/12kgs-2kgs.jpg?w=558\" alt=\"\" class=\"wp-image-609\"\/><\/figure>\n<\/div>\n\n\n\n<div class=\"wp-block-buttons is-content-justification-center is-layout-flex wp-container-core-buttons-is-layout-a89b3969 wp-block-buttons-is-layout-flex\">\n<div class=\"wp-block-button has-custom-width wp-block-button__width-50 has-custom-font-size\" style=\"font-size:1.25rem\"><a class=\"wp-block-button__link has-foreground-color has-luminous-vivid-amber-background-color has-text-color has-background wp-element-button\" href=\"https:\/\/gorkypets.com\/index.php?id_product=1534&amp;controller=product\" target=\"_blank\" rel=\"noreferrer noopener\">Fazer Encomenda<\/a><\/div>\n<\/div>\n\n\n\n<hr class=\"wp-block-separator has-alpha-channel-opacity is-style-dots\"\/>\n\n\n\n<div style=\"height:100px\" aria-hidden=\"true\" class=\"wp-block-spacer\"><\/div>\n","protected":false},"excerpt":{"rendered":"<p>Cordeiro com Arroz Sr. Rafeiro SuperPremium de Cordeiro com arroz oferece uma receita hipoalerg\u00e9nica formulada sem al\u00e9rgenos alimentares mais comuns para c\u00e3es. Porqu\u00ea Cordeiro? O cordeiro \u00e9 uma fonte de prote\u00edna agrad\u00e1vel ao paladar, densa em nutrientes e f\u00e1cil de digerir. Tamb\u00e9m \u00e9 uma boa fonte de vitamina B12 e ferro, necess\u00e1ria para ajudar a [&hellip;]<\/p>\n","protected":false},"author":1,"featured_media":0,"parent":230,"menu_order":0,"comment_status":"closed","ping_status":"closed","template":"header-footer-only","meta":{"om_disable_all_campaigns":false,"_monsterinsights_skip_tracking":false,"_monsterinsights_sitenote_active":false,"_monsterinsights_sitenote_note":"","_monsterinsights_sitenote_category":0,"footnotes":""},"class_list":["post-468","page","type-page","status-publish","hentry"],"aioseo_notices":[],"_links":{"self":[{"href":"https:\/\/srrafeiro.pt\/index.php?rest_route=\/wp\/v2\/pages\/468","targetHints":{"allow":["GET"]}}],"collection":[{"href":"https:\/\/srrafeiro.pt\/index.php?rest_route=\/wp\/v2\/pages"}],"about":[{"href":"https:\/\/srrafeiro.pt\/index.php?rest_route=\/wp\/v2\/types\/page"}],"author":[{"embeddable":true,"href":"https:\/\/srrafeiro.pt\/index.php?rest_route=\/wp\/v2\/users\/1"}],"replies":[{"embeddable":true,"href":"https:\/\/srrafeiro.pt\/index.php?rest_route=%2Fwp%2Fv2%2Fcomments&post=468"}],"version-history":[{"count":3,"href":"https:\/\/srrafeiro.pt\/index.php?rest_route=\/wp\/v2\/pages\/468\/revisions"}],"predecessor-version":[{"id":1013,"href":"https:\/\/srrafeiro.pt\/index.php?rest_route=\/wp\/v2\/pages\/468\/revisions\/1013"}],"up":[{"embeddable":true,"href":"https:\/\/srrafeiro.pt\/index.php?rest_route=\/wp\/v2\/pages\/230"}],"wp:attachment":[{"href":"https:\/\/srrafeiro.pt\/index.php?rest_route=%2Fwp%2Fv2%2Fmedia&parent=468"}],"curies":[{"name":"wp","href":"https:\/\/api.w.org\/{rel}","templated":true}]}}