{"id":505,"date":"2022-07-22T12:41:41","date_gmt":"2022-07-22T11:41:41","guid":{"rendered":"https:\/\/srrafeiro.wordpress.com\/?page_id=505"},"modified":"2024-03-12T17:26:31","modified_gmt":"2024-03-12T17:26:31","slug":"cachorro-salmao","status":"publish","type":"page","link":"https:\/\/srrafeiro.pt\/?page_id=505","title":{"rendered":"Grain Free &#8211; Cachorro Salm\u00e3o"},"content":{"rendered":"\n<h2 class=\"wp-block-heading has-text-align-center\">Grain Free &#8211; Salm\u00e3o com Arinca, Badejo Azul, Batata Doce e Espargos &#8211; para Cachorro<\/h2>\n\n\n\n<figure class=\"wp-block-image size-large is-resized\"><a href=\"https:\/\/srrafeiro.pt\/?page_id=231\"><img loading=\"lazy\" decoding=\"async\" width=\"1024\" height=\"682\" src=\"https:\/\/srrafeiro.pt\/wp-content\/uploads\/2022\/10\/srrafeiro-grainfree-4-1024x682.jpg\" alt=\"Sr.Rafeiro Grain Free\" class=\"wp-image-707\" style=\"width:400px;height:300px\" srcset=\"https:\/\/srrafeiro.pt\/wp-content\/uploads\/2022\/10\/srrafeiro-grainfree-4-1024x682.jpg 1024w, https:\/\/srrafeiro.pt\/wp-content\/uploads\/2022\/10\/srrafeiro-grainfree-4-300x200.jpg 300w, https:\/\/srrafeiro.pt\/wp-content\/uploads\/2022\/10\/srrafeiro-grainfree-4-768x512.jpg 768w, https:\/\/srrafeiro.pt\/wp-content\/uploads\/2022\/10\/srrafeiro-grainfree-4-1536x1024.jpg 1536w, https:\/\/srrafeiro.pt\/wp-content\/uploads\/2022\/10\/srrafeiro-grainfree-4.jpg 2000w\" sizes=\"auto, (max-width: 1024px) 100vw, 1024px\" \/><\/a><\/figure>\n\n\n\n<figure class=\"wp-block-image size-large\"><img loading=\"lazy\" decoding=\"async\" width=\"1024\" height=\"1024\" src=\"https:\/\/srrafeiro.pt\/wp-content\/uploads\/2024\/03\/GF-GPU-1-1024x1024.jpg\" alt=\"\" class=\"wp-image-924\" title=\"Ultra\" srcset=\"https:\/\/srrafeiro.pt\/wp-content\/uploads\/2024\/03\/GF-GPU-1-1024x1024.jpg 1024w, https:\/\/srrafeiro.pt\/wp-content\/uploads\/2024\/03\/GF-GPU-1-300x300.jpg 300w, https:\/\/srrafeiro.pt\/wp-content\/uploads\/2024\/03\/GF-GPU-1-150x150.jpg 150w, https:\/\/srrafeiro.pt\/wp-content\/uploads\/2024\/03\/GF-GPU-1-768x768.jpg 768w, https:\/\/srrafeiro.pt\/wp-content\/uploads\/2024\/03\/GF-GPU-1.jpg 1080w\" sizes=\"auto, (max-width: 1024px) 100vw, 1024px\" \/><\/figure>\n\n\n\n<p>A ra\u00e7\u00e3o sem cereais de Salm\u00e3o com Arinca, Badejo Azul, Batata Doce e Espargos &#8211; para Cachorro inclui a sele\u00e7\u00e3o de alimentos preparados frescos pois estes constituem as melhores fontes de prote\u00edna animal altamente digest\u00edveis.<\/p>\n\n\n\n<p>Sr. Rafeiro Grain Free \u2013 Salm\u00e3o com Arinca, Badejo Azul, Batata Doce e Espargos &#8211; para Cachorro foi formulada com batata doce e batata para ser adequada aqueles com intoler\u00e2ncia ou sensibilidade aos cereais.<\/p>\n\n\n\n<p>Em suma, Sr.Rafeiro \u2013 Grain Free \u00e9 a melhor escolha para o seu patudo!<\/p>\n\n\n\n<div class=\"wp-block-buttons is-content-justification-center is-layout-flex wp-container-core-buttons-is-layout-a89b3969 wp-block-buttons-is-layout-flex\">\n<div class=\"wp-block-button has-custom-width wp-block-button__width-50 has-custom-font-size\" style=\"font-size:1.25rem\"><a class=\"wp-block-button__link has-foreground-color has-luminous-vivid-amber-background-color has-text-color has-background wp-element-button\" href=\"https:\/\/gorkypets.com\/index.php?id_product=1534&amp;controller=product\" target=\"_blank\" rel=\"noreferrer noopener\">Fazer Encomenda<\/a><\/div>\n<\/div>\n\n\n\n<div class=\"wp-block-columns is-layout-flex wp-container-core-columns-is-layout-28f84493 wp-block-columns-is-layout-flex\">\n<div class=\"wp-block-column is-layout-flow wp-block-column-is-layout-flow\">\n<figure class=\"wp-block-image size-large\"><img decoding=\"async\" src=\"https:\/\/srrafeiro.files.wordpress.com\/2022\/06\/26-salmao-3.png?w=250\" alt=\"Grain Free Cachorro Salm\u00e3o\" class=\"wp-image-303\"\/><figcaption class=\"wp-element-caption\">M\u00ednimo 26% de Salm\u00e3o<br>Preparado Fresco, Arinca<br>e Badejo Azul<\/figcaption><\/figure>\n\n\n\n<p>Fontes de prote\u00edna de origem respons\u00e1vel e altamente diger\u00edvel.<\/p>\n<\/div>\n\n\n\n<div class=\"wp-block-column is-layout-flow wp-block-column-is-layout-flow\">\n<figure class=\"wp-block-image size-large\"><img decoding=\"async\" src=\"https:\/\/srrafeiro.files.wordpress.com\/2022\/07\/60-total.png?w=250\" alt=\"Grain Free Cachorro Salm\u00e3o\" class=\"wp-image-501\"\/><figcaption class=\"wp-element-caption\">60% Total de Salm\u00e3o,<br>Arinca e Badejo Azul<\/figcaption><\/figure>\n\n\n\n<p>Rico em amino\u00e1cidos, salm\u00e3o, arinca e badejo azul s\u00e3o fontes deliciosas de prote\u00ednas.<\/p>\n<\/div>\n\n\n\n<div class=\"wp-block-column is-layout-flow wp-block-column-is-layout-flow\">\n<figure class=\"wp-block-image size-large\"><img decoding=\"async\" src=\"https:\/\/srrafeiro.files.wordpress.com\/2022\/06\/pack-articulacao-1.png?w=250\" alt=\"Grain Free Cachorro Salm\u00e3o\" class=\"wp-image-247\"\/><figcaption class=\"wp-element-caption\">Pack para o cuidado<br>das articula\u00e7\u00f5es<\/figcaption><\/figure>\n\n\n\n<p>Protege o metabolismo da cartilagem para manter as articula\u00e7\u00f5es dos cachorros saud\u00e1veis.<\/p>\n<\/div>\n<\/div>\n\n\n\n<div class=\"wp-block-columns is-layout-flex wp-container-core-columns-is-layout-28f84493 wp-block-columns-is-layout-flex\">\n<div class=\"wp-block-column is-layout-flow wp-block-column-is-layout-flow\">\n<figure class=\"wp-block-image size-large\"><img loading=\"lazy\" decoding=\"async\" width=\"250\" height=\"250\" src=\"https:\/\/srrafeiro.files.wordpress.com\/2022\/06\/omega-3-1.png?w=250\" alt=\"\" class=\"wp-image-219\" srcset=\"https:\/\/srrafeiro.pt\/wp-content\/uploads\/2022\/06\/omega-3-1.png 250w, https:\/\/srrafeiro.pt\/wp-content\/uploads\/2022\/06\/omega-3-1-150x150.png 150w\" sizes=\"auto, (max-width: 250px) 100vw, 250px\" \/><figcaption class=\"wp-element-caption\">Suplemento Omega 3 Adicionado<\/figcaption><\/figure>\n\n\n\n<p>Apoia o desenvolvimento cognitivo e visual.<\/p>\n<\/div>\n\n\n\n<div class=\"wp-block-column is-layout-flow wp-block-column-is-layout-flow\">\n<figure class=\"wp-block-image size-large\"><img loading=\"lazy\" decoding=\"async\" width=\"250\" height=\"250\" src=\"https:\/\/srrafeiro.files.wordpress.com\/2022\/06\/batata-doce.png?w=250\" alt=\"\" class=\"wp-image-144\" srcset=\"https:\/\/srrafeiro.pt\/wp-content\/uploads\/2022\/06\/batata-doce.png 250w, https:\/\/srrafeiro.pt\/wp-content\/uploads\/2022\/06\/batata-doce-150x150.png 150w\" sizes=\"auto, (max-width: 250px) 100vw, 250px\" \/><figcaption class=\"wp-element-caption\">Batata Doce<\/figcaption><\/figure>\n\n\n\n<p class=\"has-text-align-justify\">Uma excelente alternativa aos cereais, a<br>batata doce \u00e9 um carboidrato complexo<br>rico em vitamina B. <\/p>\n<\/div>\n\n\n\n<div class=\"wp-block-column is-layout-flow wp-block-column-is-layout-flow\">\n<figure class=\"wp-block-image size-large\"><img loading=\"lazy\" decoding=\"async\" width=\"250\" height=\"250\" src=\"https:\/\/srrafeiro.files.wordpress.com\/2022\/06\/sem-conservantes.png?w=250\" alt=\"\" class=\"wp-image-143\" srcset=\"https:\/\/srrafeiro.pt\/wp-content\/uploads\/2022\/06\/sem-conservantes.png 250w, https:\/\/srrafeiro.pt\/wp-content\/uploads\/2022\/06\/sem-conservantes-150x150.png 150w\" sizes=\"auto, (max-width: 250px) 100vw, 250px\" \/><figcaption class=\"wp-element-caption\">Sem conservantes ou<br>corantes adicionados<\/figcaption><\/figure>\n\n\n\n<p class=\"has-text-align-justify\" style=\"font-size:1em\">Conservado naturalmente com extrato de alecrim.<\/p>\n<\/div>\n<\/div>\n\n\n\n<hr class=\"wp-block-separator alignfull has-alpha-channel-opacity is-style-dots\"\/>\n\n\n\n<h2 class=\"wp-block-heading has-text-align-center\">Composi\u00e7\u00e3o<\/h2>\n\n\n\n<div class=\"wp-block-columns is-layout-flex wp-container-core-columns-is-layout-28f84493 wp-block-columns-is-layout-flex\">\n<div class=\"wp-block-column is-layout-flow wp-block-column-is-layout-flow\">\n<p class=\"has-text-align-left\">Salm\u00e3o, Arinca e Badejo Azul 60% (Salm\u00e3o Preparado Fresco 21%, Salm\u00e3o Desidratado 16%, Badejo Azul Preparado Fresco 11%, Arinca Preparada Fresca 10% e Caldo de Salm\u00e3o 2%), Batata Doce (20%), Batata, Polpa de Beterraba , Ervilhas (6%), Linha\u00e7a, Suplemento \u00d4mega 3, Minerais, Caldo de Legumes, Espargos (0,2%), Glucosamina (170 mg \/ kg), Metilsulfonilmetano (170 mg \/ kg), Sulfato de Condroitina (125 mg \/ kg) , Nucleot\u00eddeos, Frutooligossacar\u00eddeos (FOS, 96 mg \/ kg), Mannanoligossacar\u00eddeos (MOS, 24 mg \/ kg).<\/p>\n\n\n\n<p class=\"has-small-font-size\">*Cada ingrediente equivale a 4% de ingredientes frescos<\/p>\n\n\n\n<p><strong>ADITIVOS NUTRICIONAIS \/ KG:&nbsp;<\/strong><\/p>\n\n\n\n<p><strong>Vitaminas:<\/strong> Vitamina A 15,000 IU, Vitamina D3 2,000 IU, Vitamina E 95 IU; Oligoelementos: Zinco (Sulfato de Zinco Monoidratado) 85mg, Ferro (Ferro (II) Sulfato Monoidratado) 50mg, Mangan\u00eas (Sulfato Manganoso Monoidratado) 35mg, Cobre (Cobre (II) Sulfato Penta hidratado) 9,5mg, Iodo (Iodato de C\u00e1lcio Anidro \/ Iodeto de Pot\u00e1ssio) 1,7 mg.<\/p>\n<\/div>\n\n\n\n<div class=\"wp-block-column is-layout-flow wp-block-column-is-layout-flow\">\n<figure class=\"wp-block-image size-large\"><img decoding=\"async\" src=\"https:\/\/srrafeiro.files.wordpress.com\/2022\/07\/graficos-gf_0012_gpu.png?w=1024\" alt=\"Grain Free Cachorro Salm\u00e3o\" class=\"wp-image-506\"\/><\/figure>\n\n\n\n<p class=\"has-text-align-center\"><strong>Componentes Anal\u00edticos<\/strong><\/p>\n\n\n\n<figure class=\"wp-block-table is-style-regular has-small-font-size\"><table class=\"has-background has-fixed-layout\" style=\"background-color:#f0f9ff\"><tbody><tr><td>Prote\u00edna Bruta<\/td><td>27%<\/td><\/tr><tr><td>Gordura Bruta<\/td><td>13%<\/td><\/tr><tr><td>Fibra Bruta<\/td><td>3,5%<\/td><\/tr><tr><td>Cinza Bruta<\/td><td>8%<\/td><\/tr><tr><td>Humidade<\/td><td>8%<\/td><\/tr><tr><td>NFE<\/td><td>40,5%<\/td><\/tr><tr><td>Energia metaboliz\u00e1vel<\/td><td>363kcal \/ 100g<\/td><\/tr><tr><td>\u00c1cidos Gordurosos Omega 6<\/td><td>0,9%<\/td><\/tr><tr><td>\u00c1cidos Gordurosos Omega 3<\/td><td>2,8%<\/td><\/tr><tr><td>C\u00e1lcio<\/td><td>1,4%<\/td><\/tr><tr><td>F\u00f3sforo<\/td><td>0,9%<\/td><\/tr><\/tbody><\/table><\/figure>\n<\/div>\n<\/div>\n\n\n\n<p class=\"has-text-align-center\"><strong>GUIA DE ALIMENTA\u00c7\u00c3O* (Gramas por dia<\/strong>)<strong>:<\/strong><\/p>\n\n\n\n<figure class=\"wp-block-table is-style-stripes has-small-font-size\"><table><thead><tr><th class=\"has-text-align-center\" data-align=\"center\"><strong>Peso<br>esperado<br>do c\u00e3o<br>adulto (kg)<\/strong><\/th><th class=\"has-text-align-center\" data-align=\"center\">2 &#8211; 6<br>Meses<\/th><th class=\"has-text-align-center\" data-align=\"center\">6 &#8211; 9<br>Meses<\/th><th class=\"has-text-align-center\" data-align=\"center\">9 &#8211; 12<br>Meses<\/th><th class=\"has-text-align-center\" data-align=\"center\">9 &#8211; 12<br>Meses<\/th><\/tr><\/thead><tbody><tr><td class=\"has-text-align-center\" data-align=\"center\">1-4 kg<\/td><td class=\"has-text-align-center\" data-align=\"center\">70 &#8211; 100g<\/td><td class=\"has-text-align-center\" data-align=\"center\">100 &#8211; 70g<\/td><td class=\"has-text-align-center\" data-align=\"center\">70g &#8211; Adulto<\/td><td class=\"has-text-align-center\" data-align=\"center\">Adulto<\/td><\/tr><tr><td class=\"has-text-align-center\" data-align=\"center\">5-10 kg<\/td><td class=\"has-text-align-center\" data-align=\"center\">160 &#8211; 200g<\/td><td class=\"has-text-align-center\" data-align=\"center\">200 &#8211; 180g<\/td><td class=\"has-text-align-center\" data-align=\"center\">180g &#8211; Adulto<\/td><td class=\"has-text-align-center\" data-align=\"center\">Adulto<\/td><\/tr><tr><td class=\"has-text-align-center\" data-align=\"center\">11-25 kg<\/td><td class=\"has-text-align-center\" data-align=\"center\">250 &#8211; 290g<\/td><td class=\"has-text-align-center\" data-align=\"center\">290 &#8211; 290g<\/td><td class=\"has-text-align-center\" data-align=\"center\">290 &#8211; 260g<\/td><td class=\"has-text-align-center\" data-align=\"center\">260g &#8211; Adulto<\/td><\/tr><tr><td class=\"has-text-align-center\" data-align=\"center\">26-35 kg<\/td><td class=\"has-text-align-center\" data-align=\"center\">390 &#8211; 430g<\/td><td class=\"has-text-align-center\" data-align=\"center\">430 &#8211; 450g<\/td><td class=\"has-text-align-center\" data-align=\"center\">450 &#8211; 420g<\/td><td class=\"has-text-align-center\" data-align=\"center\">420 &#8211; 390g<\/td><\/tr><tr><td class=\"has-text-align-center\" data-align=\"center\">36-45kg<\/td><td class=\"has-text-align-center\" data-align=\"center\">490 &#8211; 530g<\/td><td class=\"has-text-align-center\" data-align=\"center\">530 &#8211; 550g<\/td><td class=\"has-text-align-center\" data-align=\"center\">550 &#8211; 520g<\/td><td class=\"has-text-align-center\" data-align=\"center\">520 &#8211; 490g<\/td><\/tr><\/tbody><\/table><figcaption class=\"wp-element-caption\">*Todos os c\u00e3es s\u00e3o diferentes e, assim sendo, este guia deve ser adaptado \u00e0s necessidades de cada ra\u00e7a, idade, temperamento e n\u00edveis de atividade de cada c\u00e3o. Quando houver altera\u00e7\u00e3o na alimenta\u00e7\u00e3o, o novo alimento deve ser introduzido gradualmente durante duas semanas. Deve assegurar-se tamb\u00e9m que disp\u00f5e sempre de \u00e1gua fresca e limpa.<\/figcaption><\/figure>\n\n\n\n<hr class=\"wp-block-separator has-alpha-channel-opacity is-style-dots\"\/>\n\n\n\n<div class=\"wp-block-group is-layout-flow wp-block-group-is-layout-flow\">\n<h2 class=\"wp-block-heading has-text-align-center has-cyan-bluish-gray-background-color has-background has-link-color wp-elements-8e3110981c16ec202f765e717150b6c8\">Dispon\u00edvel em:<\/h2>\n\n\n\n<figure class=\"wp-block-image size-large\"><img decoding=\"async\" src=\"https:\/\/srrafeiro.files.wordpress.com\/2022\/07\/12kgs-2kgs.jpg?w=558\" alt=\"\" class=\"wp-image-609\"\/><\/figure>\n<\/div>\n\n\n\n<div class=\"wp-block-buttons is-content-justification-center is-layout-flex wp-container-core-buttons-is-layout-a89b3969 wp-block-buttons-is-layout-flex\">\n<div class=\"wp-block-button has-custom-width wp-block-button__width-50 has-custom-font-size\" style=\"font-size:1.25rem\"><a class=\"wp-block-button__link has-foreground-color has-luminous-vivid-amber-background-color has-text-color has-background wp-element-button\" href=\"https:\/\/gorkypets.com\/index.php?id_product=1534&amp;controller=product\" target=\"_blank\" rel=\"noreferrer noopener\">Fazer Encomenda<\/a><\/div>\n<\/div>\n\n\n\n<hr class=\"wp-block-separator has-alpha-channel-opacity is-style-dots\"\/>\n\n\n\n<div style=\"height:100px\" aria-hidden=\"true\" class=\"wp-block-spacer\"><\/div>\n","protected":false},"excerpt":{"rendered":"<p>Grain Free &#8211; Salm\u00e3o com Arinca, Badejo Azul, Batata Doce e Espargos &#8211; para Cachorro A ra\u00e7\u00e3o sem cereais de Salm\u00e3o com Arinca, Badejo Azul, Batata Doce e Espargos &#8211; para Cachorro inclui a sele\u00e7\u00e3o de alimentos preparados frescos pois estes constituem as melhores fontes de prote\u00edna animal altamente digest\u00edveis. Sr. Rafeiro Grain Free \u2013 [&hellip;]<\/p>\n","protected":false},"author":1,"featured_media":0,"parent":231,"menu_order":0,"comment_status":"closed","ping_status":"closed","template":"header-footer-only","meta":{"om_disable_all_campaigns":false,"_monsterinsights_skip_tracking":false,"_monsterinsights_sitenote_active":false,"_monsterinsights_sitenote_note":"","_monsterinsights_sitenote_category":0,"footnotes":""},"class_list":["post-505","page","type-page","status-publish","hentry"],"aioseo_notices":[],"_links":{"self":[{"href":"https:\/\/srrafeiro.pt\/index.php?rest_route=\/wp\/v2\/pages\/505","targetHints":{"allow":["GET"]}}],"collection":[{"href":"https:\/\/srrafeiro.pt\/index.php?rest_route=\/wp\/v2\/pages"}],"about":[{"href":"https:\/\/srrafeiro.pt\/index.php?rest_route=\/wp\/v2\/types\/page"}],"author":[{"embeddable":true,"href":"https:\/\/srrafeiro.pt\/index.php?rest_route=\/wp\/v2\/users\/1"}],"replies":[{"embeddable":true,"href":"https:\/\/srrafeiro.pt\/index.php?rest_route=%2Fwp%2Fv2%2Fcomments&post=505"}],"version-history":[{"count":6,"href":"https:\/\/srrafeiro.pt\/index.php?rest_route=\/wp\/v2\/pages\/505\/revisions"}],"predecessor-version":[{"id":925,"href":"https:\/\/srrafeiro.pt\/index.php?rest_route=\/wp\/v2\/pages\/505\/revisions\/925"}],"up":[{"embeddable":true,"href":"https:\/\/srrafeiro.pt\/index.php?rest_route=\/wp\/v2\/pages\/231"}],"wp:attachment":[{"href":"https:\/\/srrafeiro.pt\/index.php?rest_route=%2Fwp%2Fv2%2Fmedia&parent=505"}],"curies":[{"name":"wp","href":"https:\/\/api.w.org\/{rel}","templated":true}]}}