{"id":512,"date":"2022-07-25T10:34:46","date_gmt":"2022-07-25T09:34:46","guid":{"rendered":"https:\/\/srrafeiro.wordpress.com\/?page_id=512"},"modified":"2024-03-12T17:30:26","modified_gmt":"2024-03-12T17:30:26","slug":"truta-excesso-de-peso","status":"publish","type":"page","link":"https:\/\/srrafeiro.pt\/?page_id=512","title":{"rendered":"Grain Free &#8211; Truta para c\u00e3es com excesso de peso"},"content":{"rendered":"\n<h2 class=\"wp-block-heading has-text-align-center\">Grain Free &#8211; Truta com Salm\u00e3o, Batata Doce e Espargos &#8211; para c\u00e3es com excesso de peso<\/h2>\n\n\n\n<figure class=\"wp-block-image size-large is-resized\"><a href=\"https:\/\/srrafeiro.pt\/?page_id=231\"><img loading=\"lazy\" decoding=\"async\" width=\"1024\" height=\"682\" src=\"https:\/\/srrafeiro.pt\/wp-content\/uploads\/2022\/10\/srrafeiro-grainfree-4-1024x682.jpg\" alt=\"Sr.Rafeiro Grain Free\" class=\"wp-image-707\" style=\"width:400px;height:300px\" srcset=\"https:\/\/srrafeiro.pt\/wp-content\/uploads\/2022\/10\/srrafeiro-grainfree-4-1024x682.jpg 1024w, https:\/\/srrafeiro.pt\/wp-content\/uploads\/2022\/10\/srrafeiro-grainfree-4-300x200.jpg 300w, https:\/\/srrafeiro.pt\/wp-content\/uploads\/2022\/10\/srrafeiro-grainfree-4-768x512.jpg 768w, https:\/\/srrafeiro.pt\/wp-content\/uploads\/2022\/10\/srrafeiro-grainfree-4-1536x1024.jpg 1536w, https:\/\/srrafeiro.pt\/wp-content\/uploads\/2022\/10\/srrafeiro-grainfree-4.jpg 2000w\" sizes=\"auto, (max-width: 1024px) 100vw, 1024px\" \/><\/a><\/figure>\n\n\n\n<figure class=\"wp-block-image size-large\"><img loading=\"lazy\" decoding=\"async\" width=\"1024\" height=\"1024\" src=\"https:\/\/srrafeiro.pt\/wp-content\/uploads\/2024\/03\/GF-GFE-2-1024x1024.jpg\" alt=\"\" class=\"wp-image-936\" title=\"Ultra\" srcset=\"https:\/\/srrafeiro.pt\/wp-content\/uploads\/2024\/03\/GF-GFE-2-1024x1024.jpg 1024w, https:\/\/srrafeiro.pt\/wp-content\/uploads\/2024\/03\/GF-GFE-2-300x300.jpg 300w, https:\/\/srrafeiro.pt\/wp-content\/uploads\/2024\/03\/GF-GFE-2-150x150.jpg 150w, https:\/\/srrafeiro.pt\/wp-content\/uploads\/2024\/03\/GF-GFE-2-768x768.jpg 768w, https:\/\/srrafeiro.pt\/wp-content\/uploads\/2024\/03\/GF-GFE-2.jpg 1080w\" sizes=\"auto, (max-width: 1024px) 100vw, 1024px\" \/><\/figure>\n\n\n\n<p class=\"has-medium-font-size\">A ra\u00e7\u00e3o sem cereais de Truta com Salm\u00e3o, Batata Doce e Espargos para c\u00e3es com excesso de peso inclui a sele\u00e7\u00e3o de alimentos preparados frescos pois estes constituem as melhores fontes de prote\u00edna animal altamente digest\u00edveis.<\/p>\n\n\n\n<p class=\"has-medium-font-size\">Sr. Rafeiro Truta com Salm\u00e3o, Batata Doce e Espargos &#8211; para c\u00e3es com excesso de peso foi formulada com batata doce e batata para ser adequada aqueles com intoler\u00e2ncia ou sensibilidade aos cereais. <\/p>\n\n\n\n<p class=\"has-medium-font-size\">Em suma, Sr.Rafeiro &#8211; Grain Free \u00e9 a melhor escolha para o seu patudo!<\/p>\n\n\n\n<div class=\"wp-block-buttons is-content-justification-center is-layout-flex wp-container-core-buttons-is-layout-a89b3969 wp-block-buttons-is-layout-flex\">\n<div class=\"wp-block-button has-custom-width wp-block-button__width-50 has-custom-font-size\" style=\"font-size:1.25rem\"><a class=\"wp-block-button__link has-foreground-color has-luminous-vivid-amber-background-color has-text-color has-background wp-element-button\" href=\"https:\/\/gorkypets.com\/index.php?id_product=1534&amp;controller=product\" target=\"_blank\" rel=\"noreferrer noopener\">Fazer Encomenda<\/a><\/div>\n<\/div>\n\n\n\n<div class=\"wp-block-columns is-layout-flex wp-container-core-columns-is-layout-28f84493 wp-block-columns-is-layout-flex\">\n<div class=\"wp-block-column is-layout-flow wp-block-column-is-layout-flow\">\n<figure class=\"wp-block-image size-large\"><img decoding=\"async\" src=\"https:\/\/srrafeiro.files.wordpress.com\/2022\/06\/26-arenque-1.png?w=250\" alt=\"Truta para c\u00e3es com excesso de peso\" class=\"wp-image-308\"\/><figcaption class=\"wp-element-caption\">M\u00ednimo 26% de Truta e<br>Salm\u00e3o Preparados Frescos<\/figcaption><\/figure>\n\n\n\n<p class=\"has-text-align-justify\">Fontes de prote\u00edna de origem respons\u00e1vel e altamente diger\u00edveis.<\/p>\n<\/div>\n\n\n\n<div class=\"wp-block-column is-layout-flow wp-block-column-is-layout-flow\">\n<figure class=\"wp-block-image size-large\"><img decoding=\"async\" src=\"https:\/\/srrafeiro.files.wordpress.com\/2022\/07\/50-total.png?w=250\" alt=\"Truta para c\u00e3es com excesso de peso\" class=\"wp-image-518\"\/><figcaption class=\"wp-element-caption\">50% Total de Truta e Salm\u00e3o<\/figcaption><\/figure>\n\n\n\n<p class=\"has-text-align-justify\">Rico em amino\u00e1cidos, vitaminas e minerais, truta e salm\u00e3o s\u00e3o fontes deliciosas de prote\u00ednas com baixo teor de gordura.<\/p>\n<\/div>\n\n\n\n<div class=\"wp-block-column is-layout-flow wp-block-column-is-layout-flow\">\n<figure class=\"wp-block-image size-large\"><img decoding=\"async\" src=\"https:\/\/srrafeiro.files.wordpress.com\/2022\/06\/pack-articulacao-1.png?w=250\" alt=\"\" class=\"wp-image-247\"\/><figcaption class=\"wp-element-caption\">Pack para o cuidado<br>das articula\u00e7\u00f5es<\/figcaption><\/figure>\n\n\n\n<p class=\"has-text-align-justify\">Ajuda a proteger o metabolismo da cartilagem para manter as articula\u00e7\u00f5es dos cachorros saud\u00e1veis.<\/p>\n<\/div>\n<\/div>\n\n\n\n<div class=\"wp-block-columns is-layout-flex wp-container-core-columns-is-layout-28f84493 wp-block-columns-is-layout-flex\">\n<div class=\"wp-block-column is-layout-flow wp-block-column-is-layout-flow\">\n<figure class=\"wp-block-image size-large\"><img loading=\"lazy\" decoding=\"async\" width=\"250\" height=\"250\" src=\"https:\/\/srrafeiro.files.wordpress.com\/2022\/06\/omega-3-1.png?w=250\" alt=\"\" class=\"wp-image-219\" srcset=\"https:\/\/srrafeiro.pt\/wp-content\/uploads\/2022\/06\/omega-3-1.png 250w, https:\/\/srrafeiro.pt\/wp-content\/uploads\/2022\/06\/omega-3-1-150x150.png 150w\" sizes=\"auto, (max-width: 250px) 100vw, 250px\" \/><figcaption class=\"wp-element-caption\">Suplemento Omega 3 Adicionado<\/figcaption><\/figure>\n\n\n\n<p class=\"has-text-align-justify\">Ajudar a apoiar o desenvolvimento cognitivo e visual.<\/p>\n<\/div>\n\n\n\n<div class=\"wp-block-column is-layout-flow wp-block-column-is-layout-flow\">\n<figure class=\"wp-block-image size-large\"><img decoding=\"async\" src=\"https:\/\/srrafeiro.files.wordpress.com\/2022\/06\/provitamina-1.png?w=250\" alt=\"\" class=\"wp-image-249\"\/><figcaption class=\"wp-element-caption\">Provitamina<\/figcaption><\/figure>\n\n\n\n<p class=\"has-text-align-justify\">Adicionado L-carnitina para ajudar a promover a oxida\u00e7\u00e3o de gordura como energia durante o crescimento.<\/p>\n<\/div>\n\n\n\n<div class=\"wp-block-column is-layout-flow wp-block-column-is-layout-flow\">\n<figure class=\"wp-block-image size-large\"><img loading=\"lazy\" decoding=\"async\" width=\"250\" height=\"250\" src=\"https:\/\/srrafeiro.files.wordpress.com\/2022\/06\/sem-conservantes.png?w=250\" alt=\"\" class=\"wp-image-143\" srcset=\"https:\/\/srrafeiro.pt\/wp-content\/uploads\/2022\/06\/sem-conservantes.png 250w, https:\/\/srrafeiro.pt\/wp-content\/uploads\/2022\/06\/sem-conservantes-150x150.png 150w\" sizes=\"auto, (max-width: 250px) 100vw, 250px\" \/><figcaption class=\"wp-element-caption\">Sem conservantes ou<br>corantes adicionados<\/figcaption><\/figure>\n\n\n\n<p class=\"has-text-align-justify\">Conservado naturalmente com extrato de alecrim.<\/p>\n<\/div>\n<\/div>\n\n\n\n<hr class=\"wp-block-separator alignfull has-alpha-channel-opacity is-style-dots\"\/>\n\n\n\n<h2 class=\"wp-block-heading has-text-align-center\">Composi\u00e7\u00e3o<\/h2>\n\n\n\n<div class=\"wp-block-columns is-layout-flex wp-container-core-columns-is-layout-28f84493 wp-block-columns-is-layout-flex\">\n<div class=\"wp-block-column is-layout-flow wp-block-column-is-layout-flow\">\n<p class=\"has-text-align-justify\">Truta e Salm\u00e3o 50% (incluindo Truta Preparada Fresca 30%, Salm\u00e3o Desidratado 11%, Salm\u00e3o Preparado Fresco 4%, \u00d3leo de Salm\u00e3o 3%, Caldo de Salm\u00e3o 2%), Batata Doce (24%), Batata, Ervilha (6%), Polpa de Beterraba, Prote\u00edna de Ervilha, Linha\u00e7a, Prote\u00edna de Batata, Minerais, Caldo de Vegetais, Espargos (0,3%), Glucosamina (170 mg \/ kg), Metilsulfonilmetano (170 mg \/ kg), Sulfato de Condroitina (125 mg \/ kg), Frutooligossacar\u00eddeos (FOS, 96 mg \/ kg), Mannanoligossacar\u00eddeos (MOS, 24 mg \/ kg)<\/p>\n\n\n\n<p class=\"has-small-font-size\">*Cada ingrediente equivale a 4% de ingredientes frescos<\/p>\n\n\n\n<p><strong>ADITIVOS NUTRICIONAIS \/ KG:&nbsp;<\/strong><\/p>\n\n\n\n<p class=\"has-text-align-justify\"><strong>Vitaminas:<\/strong>  Vitamina A 15,000 IU, Vitamina D3 2,000 IU, Vitamina E 95 IU;<\/p>\n\n\n\n<p><strong>Provitaminaa:<\/strong>&nbsp;L-Carnitina 480mg;<strong>&nbsp;<\/strong><\/p>\n\n\n\n<p class=\"has-text-align-justify\"><strong>Oligoelementos:&nbsp;<\/strong>Zinco (sulfato de zinco monoidratado) 65mg, Ferro (ferro (II) sulfato monoidratado) 50mg, Mangan\u00eas (sulfato manganoso monoidratado) 35mg, Cobre (Cobre (II) sulfato de pentahidratado) 5mg, Iodo (Iodato de c\u00e1lcio anidro) 1mg<\/p>\n<\/div>\n\n\n\n<div class=\"wp-block-column is-layout-flow wp-block-column-is-layout-flow\">\n<figure class=\"wp-block-image size-large\"><img decoding=\"async\" src=\"https:\/\/srrafeiro.files.wordpress.com\/2022\/07\/graficos-gf_0021_gfe.png?w=1024\" alt=\"Truta para c\u00e3es com excesso de peso\" class=\"wp-image-513\"\/><\/figure>\n\n\n\n<p class=\"has-text-align-center\"><strong>Componentes Anal\u00edticos<\/strong><\/p>\n\n\n\n<figure class=\"wp-block-table is-style-regular has-small-font-size\"><table class=\"has-background has-fixed-layout\" style=\"background-color:#f0f9ff\"><tbody><tr><td>Prote\u00edna Bruta<\/td><td>25%<\/td><\/tr><tr><td>Gordura Bruta<\/td><td>8%<\/td><\/tr><tr><td>Fibra Bruta<\/td><td>3,5%<\/td><\/tr><tr><td>Cinza Bruta<\/td><td>8%<\/td><\/tr><tr><td>Humidade<\/td><td>8%<\/td><\/tr><tr><td>NFE<\/td><td>47,5%<\/td><\/tr><tr><td>Energia metaboliz\u00e1vel<\/td><td>340kcal \/ 100g<\/td><\/tr><tr><td>\u00c1cidos Gordurosos Omega 6<\/td><td>1,4%<\/td><\/tr><tr><td>\u00c1cidos Gordurosos Omega 3<\/td><td>4%<\/td><\/tr><tr><td>C\u00e1lcio<\/td><td>1%<\/td><\/tr><tr><td>F\u00f3sforo<\/td><td>0,9%<\/td><\/tr><\/tbody><\/table><\/figure>\n<\/div>\n<\/div>\n\n\n\n<p class=\"has-text-align-center\"><strong>GUIA DE ALIMENTA\u00c7\u00c3O* (Gramas por dia<\/strong>)<strong>:<\/strong><\/p>\n\n\n\n<figure class=\"wp-block-table is-style-stripes has-small-font-size\"><table><thead><tr><th class=\"has-text-align-center\" data-align=\"center\"><strong>Peso<\/strong> <strong>c\u00e3o<br>adulto (kg)<\/strong><\/th><th class=\"has-text-align-center\" data-align=\"center\">Gramas por dia<\/th><\/tr><\/thead><tbody><tr><td class=\"has-text-align-center\" data-align=\"center\">1 &#8211; 5 kg<\/td><td class=\"has-text-align-center\" data-align=\"center\">25 &#8211; 80g<\/td><\/tr><tr><td class=\"has-text-align-center\" data-align=\"center\">5 &#8211; 10 kg<\/td><td class=\"has-text-align-center\" data-align=\"center\">80 &#8211; 135g<\/td><\/tr><tr><td class=\"has-text-align-center\" data-align=\"center\">10 &#8211; 20 kg<\/td><td class=\"has-text-align-center\" data-align=\"center\">135 &#8211; 225g<\/td><\/tr><tr><td class=\"has-text-align-center\" data-align=\"center\">20 &#8211; 30 kg<\/td><td class=\"has-text-align-center\" data-align=\"center\">225 &#8211; 305g<\/td><\/tr><tr><td class=\"has-text-align-center\" data-align=\"center\">30 &#8211; 40 kg<\/td><td class=\"has-text-align-center\" data-align=\"center\">305 &#8211; 380g<\/td><\/tr><tr><td class=\"has-text-align-center\" data-align=\"center\">+40 kg<\/td><td class=\"has-text-align-center\" data-align=\"center\">+380g<\/td><\/tr><\/tbody><\/table><figcaption class=\"wp-element-caption\">*Todos os c\u00e3es s\u00e3o diferentes e, assim sendo, este guia deve ser adaptado \u00e0s necessidades de cada ra\u00e7a, idade, temperamento e n\u00edveis de atividade de cada c\u00e3o. Quando houver altera\u00e7\u00e3o na alimenta\u00e7\u00e3o, o novo alimento deve ser introduzido gradualmente durante duas semanas. Deve assegurar-se tamb\u00e9m que disp\u00f5e sempre de \u00e1gua fresca e limpa.<\/figcaption><\/figure>\n\n\n\n<hr class=\"wp-block-separator has-alpha-channel-opacity is-style-dots\"\/>\n\n\n\n<div class=\"wp-block-group is-layout-flow wp-block-group-is-layout-flow\">\n<h2 class=\"wp-block-heading has-text-align-center has-cyan-bluish-gray-background-color has-background has-link-color wp-elements-8e3110981c16ec202f765e717150b6c8\">Dispon\u00edvel em:<\/h2>\n\n\n\n<figure class=\"wp-block-image size-large\"><img decoding=\"async\" src=\"https:\/\/srrafeiro.files.wordpress.com\/2022\/07\/12kgs-2kgs.jpg?w=558\" alt=\"\" class=\"wp-image-609\"\/><\/figure>\n<\/div>\n\n\n\n<div class=\"wp-block-buttons is-content-justification-center is-layout-flex wp-container-core-buttons-is-layout-a89b3969 wp-block-buttons-is-layout-flex\">\n<div class=\"wp-block-button has-custom-width wp-block-button__width-50 has-custom-font-size\" style=\"font-size:1.25rem\"><a class=\"wp-block-button__link has-foreground-color has-luminous-vivid-amber-background-color has-text-color has-background wp-element-button\" href=\"https:\/\/gorkypets.com\/index.php?id_product=1534&amp;controller=product\" target=\"_blank\" rel=\"noreferrer noopener\">Fazer Encomenda<\/a><\/div>\n<\/div>\n\n\n\n<hr class=\"wp-block-separator has-alpha-channel-opacity is-style-dots\"\/>\n\n\n\n<div style=\"height:100px\" aria-hidden=\"true\" class=\"wp-block-spacer\"><\/div>\n","protected":false},"excerpt":{"rendered":"<p>Grain Free &#8211; Truta com Salm\u00e3o, Batata Doce e Espargos &#8211; para c\u00e3es com excesso de peso A ra\u00e7\u00e3o sem cereais de Truta com Salm\u00e3o, Batata Doce e Espargos para c\u00e3es com excesso de peso inclui a sele\u00e7\u00e3o de alimentos preparados frescos pois estes constituem as melhores fontes de prote\u00edna animal altamente digest\u00edveis. Sr. Rafeiro [&hellip;]<\/p>\n","protected":false},"author":1,"featured_media":0,"parent":231,"menu_order":0,"comment_status":"closed","ping_status":"closed","template":"header-footer-only","meta":{"om_disable_all_campaigns":false,"_monsterinsights_skip_tracking":false,"_monsterinsights_sitenote_active":false,"_monsterinsights_sitenote_note":"","_monsterinsights_sitenote_category":0,"footnotes":""},"class_list":["post-512","page","type-page","status-publish","hentry"],"aioseo_notices":[],"_links":{"self":[{"href":"https:\/\/srrafeiro.pt\/index.php?rest_route=\/wp\/v2\/pages\/512","targetHints":{"allow":["GET"]}}],"collection":[{"href":"https:\/\/srrafeiro.pt\/index.php?rest_route=\/wp\/v2\/pages"}],"about":[{"href":"https:\/\/srrafeiro.pt\/index.php?rest_route=\/wp\/v2\/types\/page"}],"author":[{"embeddable":true,"href":"https:\/\/srrafeiro.pt\/index.php?rest_route=\/wp\/v2\/users\/1"}],"replies":[{"embeddable":true,"href":"https:\/\/srrafeiro.pt\/index.php?rest_route=%2Fwp%2Fv2%2Fcomments&post=512"}],"version-history":[{"count":5,"href":"https:\/\/srrafeiro.pt\/index.php?rest_route=\/wp\/v2\/pages\/512\/revisions"}],"predecessor-version":[{"id":937,"href":"https:\/\/srrafeiro.pt\/index.php?rest_route=\/wp\/v2\/pages\/512\/revisions\/937"}],"up":[{"embeddable":true,"href":"https:\/\/srrafeiro.pt\/index.php?rest_route=\/wp\/v2\/pages\/231"}],"wp:attachment":[{"href":"https:\/\/srrafeiro.pt\/index.php?rest_route=%2Fwp%2Fv2%2Fmedia&parent=512"}],"curies":[{"name":"wp","href":"https:\/\/api.w.org\/{rel}","templated":true}]}}