{"id":551,"date":"2022-07-25T11:36:17","date_gmt":"2022-07-25T10:36:17","guid":{"rendered":"https:\/\/srrafeiro.wordpress.com\/?page_id=551"},"modified":"2024-03-12T17:28:36","modified_gmt":"2024-03-12T17:28:36","slug":"raca-pequena-frango","status":"publish","type":"page","link":"https:\/\/srrafeiro.pt\/?page_id=551","title":{"rendered":"Grain Free &#8211; Ra\u00e7a Pequena &#8211; Frango"},"content":{"rendered":"\n<h2 class=\"wp-block-heading has-text-align-center\">Grain Free &#8211; Frango com Batata Doce e Ervas &#8211; para c\u00e3es de ra\u00e7a pequena<\/h2>\n\n\n\n<figure class=\"wp-block-image size-large is-resized\"><a href=\"https:\/\/srrafeiro.pt\/?page_id=231\"><img loading=\"lazy\" decoding=\"async\" width=\"1024\" height=\"682\" src=\"https:\/\/srrafeiro.pt\/wp-content\/uploads\/2022\/10\/srrafeiro-grainfree-4-1024x682.jpg\" alt=\"Sr.Rafeiro Grain Free\" class=\"wp-image-707\" style=\"width:400px;height:300px\" srcset=\"https:\/\/srrafeiro.pt\/wp-content\/uploads\/2022\/10\/srrafeiro-grainfree-4-1024x682.jpg 1024w, https:\/\/srrafeiro.pt\/wp-content\/uploads\/2022\/10\/srrafeiro-grainfree-4-300x200.jpg 300w, https:\/\/srrafeiro.pt\/wp-content\/uploads\/2022\/10\/srrafeiro-grainfree-4-768x512.jpg 768w, https:\/\/srrafeiro.pt\/wp-content\/uploads\/2022\/10\/srrafeiro-grainfree-4-1536x1024.jpg 1536w, https:\/\/srrafeiro.pt\/wp-content\/uploads\/2022\/10\/srrafeiro-grainfree-4.jpg 2000w\" sizes=\"auto, (max-width: 1024px) 100vw, 1024px\" \/><\/a><\/figure>\n\n\n\n<figure class=\"wp-block-image size-large\"><img loading=\"lazy\" decoding=\"async\" width=\"1024\" height=\"1024\" src=\"https:\/\/srrafeiro.pt\/wp-content\/uploads\/2024\/03\/GF-SGF-1-1024x1024.jpg\" alt=\"\" class=\"wp-image-927\" title=\"Ultra\" srcset=\"https:\/\/srrafeiro.pt\/wp-content\/uploads\/2024\/03\/GF-SGF-1-1024x1024.jpg 1024w, https:\/\/srrafeiro.pt\/wp-content\/uploads\/2024\/03\/GF-SGF-1-300x300.jpg 300w, https:\/\/srrafeiro.pt\/wp-content\/uploads\/2024\/03\/GF-SGF-1-150x150.jpg 150w, https:\/\/srrafeiro.pt\/wp-content\/uploads\/2024\/03\/GF-SGF-1-768x768.jpg 768w, https:\/\/srrafeiro.pt\/wp-content\/uploads\/2024\/03\/GF-SGF-1.jpg 1080w\" sizes=\"auto, (max-width: 1024px) 100vw, 1024px\" \/><\/figure>\n\n\n\n<p class=\"has-medium-font-size\">A ra\u00e7\u00e3o sem cereais de Frango com Batata Doce e Ervas &#8211; para c\u00e3es de ra\u00e7a pequena inclui a sele\u00e7\u00e3o de alimentos preparados frescos pois estes constituem as melhores fontes de prote\u00edna animal altamente digest\u00edveis.<\/p>\n\n\n\n<p class=\"has-medium-font-size\">Sr. Rafeiro Grain Free &#8211; Frango com Batata Doce e Ervas &#8211; para c\u00e3es de ra\u00e7a pequena foi formulada com batata doce e batata para ser adequada aqueles com intoler\u00e2ncia ou sensibilidade aos cereais. <\/p>\n\n\n\n<p class=\"has-medium-font-size\">Em suma, Sr.Rafeiro &#8211; Grain Free \u00e9 a melhor escolha para o seu patudo!<\/p>\n\n\n\n<div class=\"wp-block-buttons is-content-justification-center is-layout-flex wp-container-core-buttons-is-layout-a89b3969 wp-block-buttons-is-layout-flex\">\n<div class=\"wp-block-button has-custom-width wp-block-button__width-50 has-custom-font-size\" style=\"font-size:1.25rem\"><a class=\"wp-block-button__link has-foreground-color has-luminous-vivid-amber-background-color has-text-color has-background wp-element-button\" href=\"https:\/\/gorkypets.com\/index.php?id_product=1534&amp;controller=product\" target=\"_blank\" rel=\"noreferrer noopener\">Fazer Encomenda<\/a><\/div>\n<\/div>\n\n\n\n<div class=\"wp-block-columns is-layout-flex wp-container-core-columns-is-layout-28f84493 wp-block-columns-is-layout-flex\">\n<div class=\"wp-block-column is-layout-flow wp-block-column-is-layout-flow\">\n<figure class=\"wp-block-image size-large\"><img decoding=\"async\" src=\"https:\/\/srrafeiro.files.wordpress.com\/2022\/06\/26-frango-2.png?w=250\" alt=\"\" class=\"wp-image-301\"\/><figcaption class=\"wp-element-caption\">M\u00ednimo 26% Frango<br>Preparado Fresco<\/figcaption><\/figure>\n\n\n\n<p class=\"has-text-align-justify\">Fonte de prote\u00edna de origem respons\u00e1vel e altamente diger\u00edveis.<\/p>\n<\/div>\n\n\n\n<div class=\"wp-block-column is-layout-flow wp-block-column-is-layout-flow\">\n<figure class=\"wp-block-image size-large\"><img decoding=\"async\" src=\"https:\/\/srrafeiro.files.wordpress.com\/2022\/07\/55-total.png?w=250\" alt=\"\" class=\"wp-image-524\"\/><figcaption class=\"wp-element-caption\">55% Total de Cordeiro<\/figcaption><\/figure>\n\n\n\n<p class=\"has-text-align-justify\">Rico em amino\u00e1cidos, vitaminas e minerais, o frango \u00e9 uma deliciosa fonte de prote\u00ednas<\/p>\n<\/div>\n\n\n\n<div class=\"wp-block-column is-layout-flow wp-block-column-is-layout-flow\">\n<figure class=\"wp-block-image size-large\"><img decoding=\"async\" src=\"https:\/\/srrafeiro.files.wordpress.com\/2022\/06\/saude-digestiva-4.png?w=250\" alt=\"\" class=\"wp-image-248\"\/><figcaption class=\"wp-element-caption\">Sa\u00fade digestiva<\/figcaption><\/figure>\n\n\n\n<p class=\"has-text-align-justify\">MOS pr\u00e9-bi\u00f3ticos &#8211; Mannanoligossacar\u00eddeos &#8211; e FOS &#8211; Frutooligossacar\u00eddeos &#8211; que pode ajudar a promover o crescimento de bact\u00e9rias intestinais saud\u00e1veis e ajuda na digest\u00e3o.<\/p>\n<\/div>\n<\/div>\n\n\n\n<div class=\"wp-block-columns is-layout-flex wp-container-core-columns-is-layout-28f84493 wp-block-columns-is-layout-flex\">\n<div class=\"wp-block-column is-layout-flow wp-block-column-is-layout-flow\">\n<figure class=\"wp-block-image size-large\"><img loading=\"lazy\" decoding=\"async\" width=\"250\" height=\"250\" src=\"https:\/\/srrafeiro.files.wordpress.com\/2022\/06\/omega-3-1.png?w=250\" alt=\"\" class=\"wp-image-219\" srcset=\"https:\/\/srrafeiro.pt\/wp-content\/uploads\/2022\/06\/omega-3-1.png 250w, https:\/\/srrafeiro.pt\/wp-content\/uploads\/2022\/06\/omega-3-1-150x150.png 150w\" sizes=\"auto, (max-width: 250px) 100vw, 250px\" \/><figcaption class=\"wp-element-caption\">Suplemento Omega 3 Adicionado<\/figcaption><\/figure>\n\n\n\n<p class=\"has-text-align-justify\">Ajudar a apoiar o desenvolvimento cognitivo e visual.<\/p>\n<\/div>\n\n\n\n<div class=\"wp-block-column is-layout-flow wp-block-column-is-layout-flow\">\n<figure class=\"wp-block-image size-large\"><img loading=\"lazy\" decoding=\"async\" width=\"250\" height=\"250\" src=\"https:\/\/srrafeiro.files.wordpress.com\/2022\/06\/batata-doce.png?w=250\" alt=\"\" class=\"wp-image-144\" srcset=\"https:\/\/srrafeiro.pt\/wp-content\/uploads\/2022\/06\/batata-doce.png 250w, https:\/\/srrafeiro.pt\/wp-content\/uploads\/2022\/06\/batata-doce-150x150.png 150w\" sizes=\"auto, (max-width: 250px) 100vw, 250px\" \/><figcaption class=\"wp-element-caption\">Batata Doce<\/figcaption><\/figure>\n\n\n\n<p class=\"has-text-align-justify\">Excelente alternativa aos cereais, a batata doce \u00e9 um carboidrato complexo rico em vitamina B.<\/p>\n<\/div>\n\n\n\n<div class=\"wp-block-column is-layout-flow wp-block-column-is-layout-flow\">\n<figure class=\"wp-block-image size-large\"><img loading=\"lazy\" decoding=\"async\" width=\"250\" height=\"250\" src=\"https:\/\/srrafeiro.files.wordpress.com\/2022\/06\/sem-conservantes.png?w=250\" alt=\"\" class=\"wp-image-143\" srcset=\"https:\/\/srrafeiro.pt\/wp-content\/uploads\/2022\/06\/sem-conservantes.png 250w, https:\/\/srrafeiro.pt\/wp-content\/uploads\/2022\/06\/sem-conservantes-150x150.png 150w\" sizes=\"auto, (max-width: 250px) 100vw, 250px\" \/><figcaption class=\"wp-element-caption\">Sem conservantes ou<br>corantes adicionados<\/figcaption><\/figure>\n\n\n\n<p class=\"has-text-align-justify\">Conservado naturalmente com extrato de alecrim.<\/p>\n<\/div>\n<\/div>\n\n\n\n<hr class=\"wp-block-separator alignfull has-alpha-channel-opacity is-style-dots\"\/>\n\n\n\n<h2 class=\"wp-block-heading has-text-align-center\">Composi\u00e7\u00e3o<\/h2>\n\n\n\n<div class=\"wp-block-columns is-layout-flex wp-container-core-columns-is-layout-28f84493 wp-block-columns-is-layout-flex\">\n<div class=\"wp-block-column is-layout-flow wp-block-column-is-layout-flow\">\n<p>Frango 55% (incluindo Frango Preparado Fresco 31%, Frango Desidratado 21% e Caldo de Frango 3%), Batata Doce (26%), Ervilha (6%), Batata, Polpa de Beterraba, Linha\u00e7a, Suplemento de \u00f3mega 3, Minerais, Caldo de Legumes, Manjerona, Manjeric\u00e3o, Or\u00e9g\u00e3os, S\u00e1lvia, Tomilho, Salsa, Frutooligossacar\u00eddeos (FOS, 96 mg \/ kg), Mannanoligossacar\u00eddeos (MOS, 24 mg \/ kg).<\/p>\n\n\n\n<p class=\"has-small-font-size\">*Cada ingrediente equivale a 4% de ingredientes frescos<\/p>\n\n\n\n<p><strong>ADITIVOS NUTRICIONAIS \/ KG:&nbsp;<\/strong><\/p>\n\n\n\n<p><strong>Vitaminas:<\/strong> Vitamina A 15,000 IU, Vitamina D3 2,000 IU, Vitamina E 95 IU;&nbsp;<\/p>\n\n\n\n<p><strong>Oligoelementos:<\/strong>&nbsp;Zinco (Sulfato de Zinco Monoidratado) 50 mg, Ferro (ferro (II) Sulfato Monoidratado) 50 mg, Mangan\u00eas (Sulfato Manganoso Monoidratado) 35 mg, Cobre (Sulfato de Cobre (II) Penta hidratado) 15 mg, Iodo (Iodato de C\u00e1lcio Anidro) 1 mg, Sel\u00eanio (Selenito de S\u00f3dio) 0,3mg<\/p>\n<\/div>\n\n\n\n<div class=\"wp-block-column is-layout-flow wp-block-column-is-layout-flow\">\n<figure class=\"wp-block-image size-large\"><img decoding=\"async\" src=\"https:\/\/srrafeiro.files.wordpress.com\/2022\/07\/graficos-gf_0005_sgf.png?w=1024\" alt=\"\" class=\"wp-image-552\"\/><\/figure>\n\n\n\n<p class=\"has-text-align-center\"><strong>Componentes Anal\u00edticos<\/strong><\/p>\n\n\n\n<figure class=\"wp-block-table is-style-regular has-small-font-size\"><table class=\"has-background has-fixed-layout\" style=\"background-color:#f0f9ff\"><tbody><tr><td>Prote\u00edna Bruta<\/td><td>29%<\/td><\/tr><tr><td>Gordura Bruta<\/td><td>15%<\/td><\/tr><tr><td>Fibra Bruta<\/td><td>3,5%<\/td><\/tr><tr><td>Cinza Bruta<\/td><td>8,5%<\/td><\/tr><tr><td>Humidade<\/td><td>8%<\/td><\/tr><tr><td>NFE<\/td><td>36%<\/td><\/tr><tr><td>Energia metaboliz\u00e1vel<\/td><td>371kcal \/ 100g<\/td><\/tr><tr><td>\u00c1cidos Gordurosos Omega 6<\/td><td>2,6%<\/td><\/tr><tr><td>\u00c1cidos Gordurosos Omega 3<\/td><td>1,2%<\/td><\/tr><tr><td>C\u00e1lcio<\/td><td>1,6%<\/td><\/tr><tr><td>F\u00f3sforo<\/td><td>1,1%<\/td><\/tr><\/tbody><\/table><\/figure>\n<\/div>\n<\/div>\n\n\n\n<p class=\"has-text-align-center\"><strong>GUIA DE ALIMENTA\u00c7\u00c3O* (Gramas por dia<\/strong>)<strong>:<\/strong><\/p>\n\n\n\n<figure class=\"wp-block-table is-style-stripes has-small-font-size\"><table><thead><tr><th class=\"has-text-align-center\" data-align=\"center\"><strong>Peso<\/strong> <strong>c\u00e3o<br>adulto (kg)<\/strong><\/th><th class=\"has-text-align-center\" data-align=\"center\">Gramas por dia<\/th><\/tr><\/thead><tbody><tr><td class=\"has-text-align-center\" data-align=\"center\">1 &#8211; 3 kg<\/td><td class=\"has-text-align-center\" data-align=\"center\">25 &#8211; 60g<\/td><\/tr><tr><td class=\"has-text-align-center\" data-align=\"center\">3 &#8211; 5 kg<\/td><td class=\"has-text-align-center\" data-align=\"center\">60 &#8211; 85g<\/td><\/tr><tr><td class=\"has-text-align-center\" data-align=\"center\">5 &#8211; 7 kg<\/td><td class=\"has-text-align-center\" data-align=\"center\">85 &#8211; 110g<\/td><\/tr><tr><td class=\"has-text-align-center\" data-align=\"center\">7 &#8211; 10 kg<\/td><td class=\"has-text-align-center\" data-align=\"center\">110 &#8211; 145g<\/td><\/tr><\/tbody><\/table><figcaption class=\"wp-element-caption\">*Todos os c\u00e3es s\u00e3o diferentes e, assim sendo, este guia deve ser adaptado \u00e0s necessidades de cada ra\u00e7a, idade, temperamento e n\u00edveis de atividade de cada c\u00e3o. Quando houver altera\u00e7\u00e3o na alimenta\u00e7\u00e3o, o novo alimento deve ser introduzido gradualmente durante duas semanas. Deve assegurar-se tamb\u00e9m que disp\u00f5e sempre de \u00e1gua fresca e limpa.<\/figcaption><\/figure>\n\n\n\n<hr class=\"wp-block-separator has-alpha-channel-opacity is-style-dots\"\/>\n\n\n\n<div class=\"wp-block-group is-layout-flow wp-block-group-is-layout-flow\">\n<h2 class=\"wp-block-heading has-text-align-center has-cyan-bluish-gray-background-color has-background has-link-color wp-elements-8e3110981c16ec202f765e717150b6c8\">Dispon\u00edvel em:<\/h2>\n\n\n\n<figure class=\"wp-block-image size-large\"><img decoding=\"async\" src=\"https:\/\/srrafeiro.files.wordpress.com\/2022\/07\/6kgs-2kgs-1.jpg?w=558\" alt=\"\" class=\"wp-image-629\"\/><\/figure>\n<\/div>\n\n\n\n<div class=\"wp-block-buttons is-content-justification-center is-layout-flex wp-container-core-buttons-is-layout-a89b3969 wp-block-buttons-is-layout-flex\">\n<div class=\"wp-block-button has-custom-width wp-block-button__width-50 has-custom-font-size\" style=\"font-size:1.25rem\"><a class=\"wp-block-button__link has-foreground-color has-luminous-vivid-amber-background-color has-text-color has-background wp-element-button\" href=\"https:\/\/gorkypets.com\/index.php?id_product=1534&amp;controller=product\" target=\"_blank\" rel=\"noreferrer noopener\">Fazer Encomenda<\/a><\/div>\n<\/div>\n\n\n\n<hr class=\"wp-block-separator has-alpha-channel-opacity is-style-dots\"\/>\n\n\n\n<div style=\"height:100px\" aria-hidden=\"true\" class=\"wp-block-spacer\"><\/div>\n","protected":false},"excerpt":{"rendered":"<p>Grain Free &#8211; Frango com Batata Doce e Ervas &#8211; para c\u00e3es de ra\u00e7a pequena A ra\u00e7\u00e3o sem cereais de Frango com Batata Doce e Ervas &#8211; para c\u00e3es de ra\u00e7a pequena inclui a sele\u00e7\u00e3o de alimentos preparados frescos pois estes constituem as melhores fontes de prote\u00edna animal altamente digest\u00edveis. Sr. Rafeiro Grain Free &#8211; [&hellip;]<\/p>\n","protected":false},"author":1,"featured_media":0,"parent":231,"menu_order":0,"comment_status":"closed","ping_status":"closed","template":"header-footer-only","meta":{"om_disable_all_campaigns":false,"_monsterinsights_skip_tracking":false,"_monsterinsights_sitenote_active":false,"_monsterinsights_sitenote_note":"","_monsterinsights_sitenote_category":0,"footnotes":""},"class_list":["post-551","page","type-page","status-publish","hentry"],"aioseo_notices":[],"_links":{"self":[{"href":"https:\/\/srrafeiro.pt\/index.php?rest_route=\/wp\/v2\/pages\/551","targetHints":{"allow":["GET"]}}],"collection":[{"href":"https:\/\/srrafeiro.pt\/index.php?rest_route=\/wp\/v2\/pages"}],"about":[{"href":"https:\/\/srrafeiro.pt\/index.php?rest_route=\/wp\/v2\/types\/page"}],"author":[{"embeddable":true,"href":"https:\/\/srrafeiro.pt\/index.php?rest_route=\/wp\/v2\/users\/1"}],"replies":[{"embeddable":true,"href":"https:\/\/srrafeiro.pt\/index.php?rest_route=%2Fwp%2Fv2%2Fcomments&post=551"}],"version-history":[{"count":3,"href":"https:\/\/srrafeiro.pt\/index.php?rest_route=\/wp\/v2\/pages\/551\/revisions"}],"predecessor-version":[{"id":928,"href":"https:\/\/srrafeiro.pt\/index.php?rest_route=\/wp\/v2\/pages\/551\/revisions\/928"}],"up":[{"embeddable":true,"href":"https:\/\/srrafeiro.pt\/index.php?rest_route=\/wp\/v2\/pages\/231"}],"wp:attachment":[{"href":"https:\/\/srrafeiro.pt\/index.php?rest_route=%2Fwp%2Fv2%2Fmedia&parent=551"}],"curies":[{"name":"wp","href":"https:\/\/api.w.org\/{rel}","templated":true}]}}